{"id":234,"date":"2018-02-22T14:39:46","date_gmt":"2018-02-22T14:39:46","guid":{"rendered":"http:\/\/offbeat.edge-themes.com\/?page_id=234"},"modified":"2025-09-06T20:37:08","modified_gmt":"2025-09-06T18:37:08","slug":"menu","status":"publish","type":"page","link":"https:\/\/www.nuestroshangrila.com\/index.php\/menu\/","title":{"rendered":"Menu"},"content":{"rendered":"<p>[vc_row row_content_width=\u00bbgrid\u00bb css=\u00bb.vc_custom_1715265021763{margin-bottom: 0px !important;border-bottom-width: 10px !important;padding-top: 130px !important;padding-bottom: 0px !important;}\u00bb][vc_column]<div class=\"edgtf-section-title-holder  \" style=\"text-align: center\">\n\t<div class=\"edgtf-st-inner\">\n\t\t\t\t\t<var class=\"edgtf-st-tagline\" >\n\t\t\t\tUn Complemento PERFECTO que\t\t\t<\/var>\n\t\t\t\t\t\t\t<h2 class=\"edgtf-st-title\" >\n\t\t\t\tCuida los DETALLES<span class=\"edgtf-st-title-dot\">.<\/span>\t\t\t<\/h2>\n\t\t\t\t\t\t\t<\/div>\n<\/div>[vc_empty_space height=\u00bb60px\u00bb]<div class=\"edgtf-accordion-holder edgtf-ac-default  edgtf-accordion edgtf-ac-simple  clearfix\">\n\t<h5 class=\"edgtf-accordion-title\">\n    <span class=\"edgtf-accordion-mark\">\n\t\t<span class=\"edgtf_icon_plus icon_plus\"><\/span>\n\t\t<span class=\"edgtf_icon_minus icon_minus-06\"><\/span>\n\t<\/span>\n\t<span class=\"edgtf-tab-title\">El Fundamento<\/span>\n<\/h5>\n<div class=\"edgtf-accordion-content\">\n\t<div class=\"edgtf-accordion-content-inner\">\n\t\t[vc_column_text]<\/p>\n<p style=\"text-align: left;\">La M\u00fasica es el centro de Nuestro SHANGRI-LA y a su alrededor ofrecemos los complementos adecuados para disfrutarla al m\u00e1ximo. La oferta de carta no riza el rizo, apostamos por una variedad sencilla con materia prima de alta calidad cuidadosamente seleccionada y con procesos en cocina dise\u00f1ados para mantenerla hasta tu plato. Y para todos, oferta sencilla, pero completa. \u00a1Desc\u00fabrela!<\/p>\n<p>[\/vc_column_text]\t<\/div>\n<\/div><h5 class=\"edgtf-accordion-title\">\n    <span class=\"edgtf-accordion-mark\">\n\t\t<span class=\"edgtf_icon_plus icon_plus\"><\/span>\n\t\t<span class=\"edgtf_icon_minus icon_minus-06\"><\/span>\n\t<\/span>\n\t<span class=\"edgtf-tab-title\">Carnes con D.O. Sierra de Guadarrama<\/span>\n<\/h5>\n<div class=\"edgtf-accordion-content\">\n\t<div class=\"edgtf-accordion-content-inner\">\n\t\t<div class=\"edgtf-elements-holder   edgtf-two-columns  edgtf-responsive-mode-768 edgtf-one-column-alignment-left\" ><div class=\"edgtf-eh-item    \"  data-item-class=\"edgtf-eh-custom-9852\">\n\t<div class=\"edgtf-eh-item-inner\">\n\t\t<div class=\"edgtf-eh-item-content edgtf-eh-custom-9852\" >\n\t\t\t[vc_column_text]Todas nuestras carnes est\u00e1n certificadas con D.O. Sierra de Guadarrama. Su sabor no nos deja indiferentes y su calidad es indiscutible, por eso las cuidamos con mimo y respeto, extremando la calidad en todo su proceso.[\/vc_column_text]\t\t<\/div>\n\t<\/div>\n<\/div><div class=\"edgtf-eh-item    \"  data-item-class=\"edgtf-eh-custom-8682\">\n\t<div class=\"edgtf-eh-item-inner\">\n\t\t<div class=\"edgtf-eh-item-content edgtf-eh-custom-8682\" >\n\t\t\t[vc_single_image image=\u00bb4767&#8243; img_size=\u00bbfull\u00bb alignment=\u00bbcenter\u00bb css_animation=\u00bbfadeIn\u00bb css=\u00bb.vc_custom_1714840865115{margin-left: 10px !important;}\u00bb]\t\t<\/div>\n\t<\/div>\n<\/div><\/div>\t<\/div>\n<\/div><h5 class=\"edgtf-accordion-title\">\n    <span class=\"edgtf-accordion-mark\">\n\t\t<span class=\"edgtf_icon_plus icon_plus\"><\/span>\n\t\t<span class=\"edgtf_icon_minus icon_minus-06\"><\/span>\n\t<\/span>\n\t<span class=\"edgtf-tab-title\">Oferta Vegana<\/span>\n<\/h5>\n<div class=\"edgtf-accordion-content\">\n\t<div class=\"edgtf-accordion-content-inner\">\n\t\t[vc_column_text]<\/p>\n<p style=\"text-align: left;\">En cada apartado de la carta, puedes disfrutar de opciones veganas. \u00c9chale un vistazo.<\/p>\n<p>[\/vc_column_text]\t<\/div>\n<\/div><h5 class=\"edgtf-accordion-title\">\n    <span class=\"edgtf-accordion-mark\">\n\t\t<span class=\"edgtf_icon_plus icon_plus\"><\/span>\n\t\t<span class=\"edgtf_icon_minus icon_minus-06\"><\/span>\n\t<\/span>\n\t<span class=\"edgtf-tab-title\">Alergias e Intolerancias<\/span>\n<\/h5>\n<div class=\"edgtf-accordion-content\">\n\t<div class=\"edgtf-accordion-content-inner\">\n\t\t[vc_column_text]Somos expertos en evitar la contaminaci\u00f3n cruzada de modo que todos nuestros platos sin gluten, efectivamente, lo son. De los pocos lugares donde podr\u00e1s comer o cenar con tranquilidad, incluso aunque adem\u00e1s necesites opci\u00f3n vegana&#8230;<\/p>\n<p style=\"text-align: left;\">Ponemos a tu disposici\u00f3n una completa carta de al\u00e9rgenos para que puedas evitar disgustos.<\/p>\n<p>[\/vc_column_text]\t<\/div>\n<\/div><h5 class=\"edgtf-accordion-title\">\n    <span class=\"edgtf-accordion-mark\">\n\t\t<span class=\"edgtf_icon_plus icon_plus\"><\/span>\n\t\t<span class=\"edgtf_icon_minus icon_minus-06\"><\/span>\n\t<\/span>\n\t<span class=\"edgtf-tab-title\">C\u00d3CTELES<\/span>\n<\/h5>\n<div class=\"edgtf-accordion-content\">\n\t<div class=\"edgtf-accordion-content-inner\">\n\t\t<div class=\"edgtf-elements-holder   edgtf-two-columns  edgtf-responsive-mode-768 edgtf-one-column-alignment-left\" ><div class=\"edgtf-eh-item    \"  data-item-class=\"edgtf-eh-custom-2293\">\n\t<div class=\"edgtf-eh-item-inner\">\n\t\t<div class=\"edgtf-eh-item-content edgtf-eh-custom-2293\" >\n\t\t\t[vc_column_text]Una propuesta sencilla y cuidada para quien valora los detalles. C\u00f3cteles bien hechos, pensados para acompa\u00f1ar tu momento. Completa tu experiencia, por ejemplo, con un mojito, un negroni, un SHANGRI-LA Sunset o unos de nuestros c\u00f3cteles sin alcohol, como el Shirley Temple. \u00c9chale un vistazo a nuestra cata completa.[\/vc_column_text]\t\t<\/div>\n\t<\/div>\n<\/div><div class=\"edgtf-eh-item    \"  data-item-class=\"edgtf-eh-custom-4050\">\n\t<div class=\"edgtf-eh-item-inner\">\n\t\t<div class=\"edgtf-eh-item-content edgtf-eh-custom-4050\" >\n\t\t\t[vc_single_image image=\u00bb7368&#8243; img_size=\u00bbfull\u00bb css_animation=\u00bbfadeIn\u00bb css=\u00bb.vc_custom_1755530440249{margin-left: 10px !important;}\u00bb]\t\t<\/div>\n\t<\/div>\n<\/div><\/div>\t<\/div>\n<\/div><\/div>[vc_empty_space height=\u00bb60px\u00bb]<div class=\"edgtf-section-title-holder  \" style=\"text-align: center\">\n\t<div class=\"edgtf-st-inner\">\n\t\t\t\t\t<var class=\"edgtf-st-tagline\" >\n\t\t\t\tCon esta m\u00fasica apetece\t\t\t<\/var>\n\t\t\t\t\t\t\t<h3 class=\"edgtf-st-title\" >\n\t\t\t\tUna COCINA con Sabor<span class=\"edgtf-st-title-dot\">.<\/span>\t\t\t<\/h3>\n\t\t\t\t\t\t\t<\/div>\n<\/div>[\/vc_column][\/vc_row][vc_row content_text_aligment=\u00bbcenter\u00bb css=\u00bb.vc_custom_1715264929610{margin-top: 0px !important;border-top-width: 0px !important;padding-top: 0px !important;}\u00bb][vc_column]<a itemprop=\"url\" href=\"https:\/\/www.nuestroshangrila.com\/index.php\/carta_comedor\/\" target=\"_blank\" style=\"font-weight: 400\" class=\"edgtf-btn edgtf-btn-large edgtf-btn-solid edgtf-btn-orange-black edgtf-btn-custom-hover-color\" data-hover-color=\"#ffffff\" >\n    <span class=\"edgtf-btn-text\">CARTA COMPLETA<\/span>\n    <\/a>[vc_empty_space height=\u00bb60px\u00bb][vc_separator][\/vc_column][\/vc_row]<\/p>\n","protected":false},"excerpt":{"rendered":"<p>[vc_row row_content_width=\u00bbgrid\u00bb css=\u00bb.vc_custom_1715265021763{margin-bottom: 0px !important;border-bottom-width: 10px !important;padding-top: 130px !important;padding-bottom: 0px !important;}\u00bb][vc_column][vc_empty_space height=\u00bb60px\u00bb][vc_empty_space height=\u00bb60px\u00bb][\/vc_column][\/vc_row][vc_row content_text_aligment=\u00bbcenter\u00bb css=\u00bb.vc_custom_1715264929610{margin-top: 0px !important;border-top-width: 0px !important;padding-top: 0px !important;}\u00bb][vc_column][vc_empty_space height=\u00bb60px\u00bb][vc_separator][\/vc_column][\/vc_row]<\/p>\n","protected":false},"author":1,"featured_media":0,"parent":0,"menu_order":0,"comment_status":"closed","ping_status":"closed","template":"full-width.php","meta":{"_monsterinsights_skip_tracking":false,"_monsterinsights_sitenote_active":false,"_monsterinsights_sitenote_note":"","_monsterinsights_sitenote_category":0,"_price":"","_stock":"","_tribe_ticket_header":"","_tribe_default_ticket_provider":"TEC\\Tickets\\Commerce\\Module","_tribe_ticket_capacity":"0","_ticket_start_date":"","_ticket_end_date":"","_tribe_ticket_show_description":"","_tribe_ticket_show_not_going":false,"_tribe_ticket_use_global_stock":"","_tribe_ticket_global_stock_level":"","_global_stock_mode":"","_global_stock_cap":"","_tribe_rsvp_for_event":"","_tribe_ticket_going_count":"","_tribe_ticket_not_going_count":"","_tribe_tickets_list":"[]","_tribe_ticket_has_attendee_info_fields":false,"footnotes":""},"class_list":["post-234","page","type-page","status-publish","hentry"],"ticketed":false,"_links":{"self":[{"href":"https:\/\/www.nuestroshangrila.com\/index.php\/wp-json\/wp\/v2\/pages\/234","targetHints":{"allow":["GET"]}}],"collection":[{"href":"https:\/\/www.nuestroshangrila.com\/index.php\/wp-json\/wp\/v2\/pages"}],"about":[{"href":"https:\/\/www.nuestroshangrila.com\/index.php\/wp-json\/wp\/v2\/types\/page"}],"author":[{"embeddable":true,"href":"https:\/\/www.nuestroshangrila.com\/index.php\/wp-json\/wp\/v2\/users\/1"}],"replies":[{"embeddable":true,"href":"https:\/\/www.nuestroshangrila.com\/index.php\/wp-json\/wp\/v2\/comments?post=234"}],"version-history":[{"count":43,"href":"https:\/\/www.nuestroshangrila.com\/index.php\/wp-json\/wp\/v2\/pages\/234\/revisions"}],"predecessor-version":[{"id":7463,"href":"https:\/\/www.nuestroshangrila.com\/index.php\/wp-json\/wp\/v2\/pages\/234\/revisions\/7463"}],"wp:attachment":[{"href":"https:\/\/www.nuestroshangrila.com\/index.php\/wp-json\/wp\/v2\/media?parent=234"}],"curies":[{"name":"wp","href":"https:\/\/api.w.org\/{rel}","templated":true}]}}