{"id":4678,"date":"2024-03-27T19:57:39","date_gmt":"2024-03-27T19:57:39","guid":{"rendered":"https:\/\/www.nuestroshangrila.com\/?page_id=4678"},"modified":"2026-03-09T11:29:57","modified_gmt":"2026-03-09T10:29:57","slug":"bebidas","status":"publish","type":"page","link":"https:\/\/www.nuestroshangrila.com\/index.php\/bebidas\/","title":{"rendered":"BEBIDAS"},"content":{"rendered":"<p>&nbsp;<\/p>\r\n\r\n<h3 class=\"wp-block-heading\" style=\"text-align: center;\"><span style=\"color: #ffcc00;\"><strong>CERVEZAS<\/strong><\/span><\/h3>\r\n<p style=\"text-align: center;\"><span style=\"color: #ffcc00;\"><strong><span style=\"color: #ffff99;\">CERVEZA DE GRIFO\u00a0<\/span><\/strong><\/span><\/p>\r\n<p style=\"text-align: center;\"><strong><span style=\"color: #e3baba;\">1\/2 pinta\u00a0 3,00 \u20ac\u00a0 \u00a0<\/span><span style=\"color: #e3baba;\">Copa\u00a0 4,00 \u20ac\u00a0 <\/span><span style=\"color: #e3baba;\">Pinta\u00a0 5,00 \u20ac<\/span><\/strong><\/p>\r\n<p style=\"text-align: center;\">\u00a0<\/p>\r\n<p style=\"text-align: center;\"><span style=\"color: #ffff99;\"><strong>TERCIOS<\/strong><\/span><\/p>\r\n<p style=\"text-align: center;\"><strong><span style=\"color: #e3baba;\">4,00 \u20ac<\/span><\/strong><\/p>\r\n<p style=\"text-align: center;\"><span style=\"color: #e3baba;\">MAHOU 5 Estrellas <\/span><span style=\"color: #e3baba;\">5,5% vol. alc<\/span><\/p>\r\n<p style=\"text-align: center;\"><span style=\"color: #e3baba;\">MAHOU Maestra<\/span><span style=\"color: #e3baba;\">\u00a07,5% vol. alc.<\/span><\/p>\r\n<p style=\"text-align: center;\"><span style=\"color: #e3baba;\">ALHAMBRA Reserva 1925 <\/span><span style=\"color: #e3baba;\">6,4% vol. alc.<\/span><\/p>\r\n<p style=\"text-align: center;\"><span style=\"color: #e3baba;\">EL \u00c1GUILA Sin filtrar <\/span><span style=\"color: #e3baba;\">5,5% vol. alc<\/span><\/p>\r\n<p style=\"text-align: center;\"><span style=\"color: #e3baba;\">EL \u00c1GUILA Sin filtrar <\/span><span style=\"color: #e3baba;\">0,0% vol. alc<\/span><\/p>\r\n<p style=\"text-align: center;\"><span style=\"color: #e3baba;\">MAHOU Tostada <\/span><span style=\"color: #e3baba;\">0,0% vol. alc<\/span><\/p>\r\n<p style=\"text-align: center;\"><span style=\"color: #e3baba;\">MAHOU SIN GLUTEN <\/span><span style=\"color: #e3baba;\">5,5% vol. alc<\/span><\/p>\r\n<p style=\"text-align: center;\"><span style=\"color: #e3baba;\">MAHOU SIN GLUTEN <\/span><span style=\"color: #e3baba;\">0,0% vol. alc<\/span><\/p>\r\n<p>&nbsp;<\/p>\r\n<p style=\"text-align: center;\"><span style=\"color: #ffff99;\"><strong>TERCIOS ESPECIALES<\/strong><\/span><\/p>\r\n<p style=\"text-align: center;\"><strong><span style=\"color: #e3baba;\">5,00 \u20ac<\/span><\/strong><\/p>\r\n<p style=\"text-align: center;\"><span style=\"color: #e3baba;\">GUINNESS <\/span><span style=\"color: #e3baba;\">5,6% vol. alc.<\/span><\/p>\r\n<p style=\"text-align: center;\"><span style=\"color: #e3baba;\">IPA SIN ARRIACA <\/span><span style=\"color: #e3baba;\">0,8% vol. alc.<\/span><\/p>\r\n<p style=\"text-align: center;\"><span style=\"color: #e3baba;\">CORONITA 35 cl <\/span><span style=\"color: #e3baba;\">4,5% vol. alc<\/span><\/p>\r\n<p style=\"text-align: center;\"><span style=\"color: #e3baba;\">CORONITA 0,0<\/span><span style=\"color: #e3baba;\">% vol. alc.<\/span><\/p>\r\n<p style=\"text-align: center;\"><span style=\"color: #e3baba;\">LA SAGRA 0,0\u00a0 Sin Alcohol 0,0% vol. alc.<\/span><\/p>\r\n<p style=\"text-align: center;\"><span style=\"color: #e3baba;\">CAPAZ Lager estilo Helles 4,8% vol. alc.<\/span><\/p>\r\n<p style=\"text-align: center;\">\u00a0<\/p>\r\n<hr \/>\r\n<h3 style=\"text-align: center;\"><span style=\"color: #ffcc00;\"><strong>VINOS<\/strong><\/span><\/h3>\r\n<div>\u00a0<\/div>\r\n<div style=\"text-align: center;\"><span style=\"color: #e3baba;\">RIOJA O RIBERA<\/span><\/div>\r\n<div style=\"text-align: center;\"><span style=\"color: #e3baba;\">Copa \u00a04,00 \u20ac\u00a0 \u00a0 \u00a0 \u00a0Botella\u00a0 17,00 \u20ac (Fuentespina)<\/span><\/div>\r\n<div>\u00a0<\/div>\r\n<div>\r\n<div style=\"text-align: center;\"><span style=\"color: #e3baba;\">RUEDA<\/span><\/div>\r\n<div style=\"text-align: center;\"><span style=\"color: #e3baba;\">Copa\u00a0 \u00a04,00 \u20ac\u00a0 \u00a0 \u00a0 \u00a0Botella \u00a017,00 \u20ac<\/span><\/div>\r\n<div style=\"text-align: center;\">\u00a0<\/div>\r\n<div style=\"text-align: center;\"><span style=\"color: #e3baba;\">ALBARI\u00d1O \u00b7 PROTOS<\/span><\/div>\r\n<div style=\"text-align: center;\"><span style=\"color: #e3baba;\">Copa \u00a04,00 \u20ac\u00a0 \u00a0 \u00a0 \u00a0Botella \u00a022,00 \u20ac<\/span><\/div>\r\n<div>\r\n<p style=\"text-align: center;\">\u00a0<\/p>\r\n<hr \/>\r\n<h3 style=\"text-align: center;\"><span style=\"color: #ffcc00;\"><strong>BEBIDAS PREPARADAS<\/strong><\/span><\/h3>\r\n<\/div>\r\n<div style=\"text-align: center;\"><span style=\"color: #e3baba;\">VINO DULCE\u00a0 \u00a0 \u00a0 4,00 \u20ac<\/span><\/div>\r\n<div style=\"text-align: center;\"><span style=\"color: #e3baba;\">TINTO DE VERANO\u00a0 \u00a0 \u00a0 4,00 \u20ac<\/span><\/div>\r\n<div style=\"text-align: center;\"><span style=\"color: #e3baba;\">BLANCO DE VERANO\u00a0 \u00a0 \u00a0 4,00 \u20ac<\/span><\/div>\r\n<div>\r\n<div>\r\n<div>\u00a0<\/div>\r\n<\/div>\r\n<hr \/>\r\n<h3 style=\"text-align: center;\"><span style=\"color: #ffcc00;\"><strong>VERMUT<\/strong><\/span><\/h3>\r\n<\/div>\r\n<div style=\"text-align: center;\"><span style=\"color: #e3baba;\">BLANCO \u00b7 ROJO\u00a0 5,00 \u20ac<\/span><\/div>\r\n<div style=\"text-align: center;\">\u00a0<\/div>\r\n<div>\u00a0<\/div>\r\n<\/div>\r\n<hr \/>\r\n<h3 style=\"text-align: center;\"><span style=\"color: #ffcc00;\"><strong>BEBIDAS SIN ALCOHOL<\/strong><\/span><\/h3>\r\n<p style=\"text-align: center;\"><span style=\"color: #ffff99;\"><strong>REFRESCOS <\/strong><\/span><strong><span style=\"color: #e3baba;\">3,00 \u20ac<\/span><\/strong><\/p>\r\n<p style=\"text-align: center;\"><span style=\"color: #e3baba;\">Coca-Cola (Original, Zero, ZZ), Fanta (Lim\u00f3n, Naranja), Sprite, Aquarius (Lim\u00f3n, Naranja), Nestea, T\u00f3nica Royal Bliss, Agua Mineral, Mosto<\/span><\/p>\r\n<p style=\"text-align: center;\"><span style=\"color: #ffff99;\"><strong>SELECCI\u00d3N\u00a0 <\/strong><\/span><strong><span style=\"color: #e3baba;\">4,00 \u20ac<\/span><\/strong><\/p>\r\n<p style=\"text-align: center;\"><span style=\"color: #e3baba;\">Agua Vichy, t\u00f3nica Schweppes premium, t\u00f3nica Schweppes Hibiscus, zumo de tomate.<\/span><\/p>\r\n<hr \/>\r\n<h3 style=\"text-align: center;\"><span style=\"color: #ffcc00;\"><strong>CAF\u00c9 E INFUSIONES<\/strong><\/span><\/h3>\r\n<p style=\"text-align: center;\"><span style=\"color: #e3baba;\">2,00\u20ac<\/span><\/p>\r\n<p style=\"text-align: center;\"><span style=\"color: #e3baba;\">Caf\u00e9, Rooibos frambuesa, Earl Grey English Breakfast, Poleo, Manzanilla<\/span><\/p>\r\n<hr \/>\r\n<h3 style=\"text-align: center;\"><span style=\"color: #ffcc00;\"><strong>C\u00d3CTELES<\/strong><\/span><\/h3>\r\n<p style=\"text-align: center;\"><strong><span style=\"color: #e3baba;\">&#8211; Consultar Carta Completa &#8211;<\/span><\/strong><\/p>\r\n<p style=\"text-align: center;\"><span style=\"color: #e3baba;\">GIN MONTI <strong>8,00\u20ac<\/strong><\/span><\/p>\r\n<p style=\"text-align: center;\"><span style=\"color: #e3baba;\">MARGARITA <strong>10,00\u20ac<\/strong><\/span><\/p>\r\n<p style=\"text-align: center;\"><span style=\"color: #e3baba;\">CAIPIROSKA <strong>10,00\u20ac<\/strong><\/span><\/p>\r\n<p style=\"text-align: center;\"><span style=\"color: #e3baba;\">NEGRONI <strong>10,00\u20ac<\/strong><\/span><\/p>\r\n<p style=\"text-align: center;\"><span style=\"color: #e3baba;\">MOJITO <strong>10,00\u20ac<\/strong><\/span><\/p>\r\n<hr \/>\r\n<h3 style=\"text-align: center;\"><span style=\"color: #ffcc00;\"><strong>ESPIRITUOSOS <\/strong><\/span><\/h3>\r\n<h3 style=\"text-align: center;\"><span style=\"color: #ffcc00;\"><strong>NACIONAL E IMPORTACI\u00d3N<\/strong><\/span><\/h3>\r\n<p style=\"text-align: center;\"><span style=\"color: #e3baba;\">Chupitos 3,00 \u20ac<\/span><\/p>\r\n<p style=\"text-align: center;\"><span style=\"color: #e3baba;\">Destilados 5,00\u20ac<\/span><\/p>\r\n<p style=\"text-align: center;\"><span style=\"color: #e3baba;\">Combinados 7,00 \u20ac<\/span><\/p>\r\n<h3 style=\"text-align: center;\"><span style=\"color: #ffcc00;\"><strong>ESPIRITUOSOS PREMIUM<\/strong><\/span><\/h3>\r\n<p style=\"text-align: center;\"><span style=\"color: #e3baba;\">Chupitos 4,00 \u20ac<\/span><\/p>\r\n<p style=\"text-align: center;\"><span style=\"color: #e3baba;\">Destilados 6cl 7,00\u20ac<\/span><\/p>\r\n<p style=\"text-align: center;\"><span style=\"color: #e3baba;\">Combinados 6cl 10,00 \u20ac<\/span><\/p>\r\n<p>&nbsp;<\/p>\r\n<hr \/>\r\n<h3 style=\"text-align: center;\"><span style=\"color: #ccffff;\"><a style=\"color: #ccffff;\" href=\"https:\/\/www.nuestroshangrila.com\/index.php\/carta_comedor\/\">VOLVER A CARTA<\/a><\/span><\/h3>\r\n<hr \/>\r\n<p style=\"text-align: center;\"><span style=\"color: #ffffff;\"><a style=\"color: #ffffff;\" href=\"https:\/\/www.nuestroshangrila.com\">TODA LA INFORMACI\u00d3N AQU\u00cd<\/a><\/span><\/p>\r\n<p style=\"text-align: center;\"><span style=\"color: #ff0000;\">Nuestro SHANGRI-LA. 2025. Todos los precios incluyen I.V.A.<\/span><\/p>\r\n","protected":false},"excerpt":{"rendered":"<p>&nbsp; CERVEZAS CERVEZA DE GRIFO\u00a0 1\/2 pinta\u00a0 3,00 \u20ac\u00a0 \u00a0Copa\u00a0 4,00 \u20ac\u00a0 Pinta\u00a0 5,00 \u20ac \u00a0 TERCIOS 4,00 \u20ac MAHOU 5 Estrellas 5,5% vol. alc MAHOU Maestra\u00a07,5% vol. alc. ALHAMBRA Reserva 1925 6,4% vol. alc. EL \u00c1GUILA Sin filtrar 5,5% vol. alc EL \u00c1GUILA Sin filtrar 0,0% vol. alc MAHOU Tostada 0,0% vol. alc MAHOU SIN GLUTEN 5,5% vol. alc MAHOU SIN GLUTEN 0,0% vol. alc &nbsp; TERCIOS ESPECIALES 5,00 \u20ac GUINNESS 5,6% vol. alc. IPA SIN ARRIACA 0,8% vol. alc. CORONITA 35 cl 4,5% vol. alc CORONITA 0,0% vol. alc. LA SAGRA 0,0\u00a0 Sin Alcohol 0,0% vol. alc. CAPAZ Lager estilo Helles 4,8% vol. alc. \u00a0 VINOS \u00a0 RIOJA O RIBERA Copa \u00a04,00 \u20ac\u00a0 \u00a0 \u00a0 \u00a0Botella\u00a0 17,00 \u20ac (Fuentespina) \u00a0 RUEDA Copa\u00a0 \u00a04,00 \u20ac\u00a0 \u00a0 \u00a0 \u00a0Botella \u00a017,00 \u20ac \u00a0 ALBARI\u00d1O \u00b7 PROTOS Copa \u00a04,00 \u20ac\u00a0 \u00a0 \u00a0 \u00a0Botella \u00a022,00 \u20ac \u00a0 BEBIDAS PREPARADAS VINO DULCE\u00a0 \u00a0 \u00a0 [&hellip;]<\/p>\n","protected":false},"author":1,"featured_media":0,"parent":0,"menu_order":0,"comment_status":"closed","ping_status":"closed","template":"coming-soon-page.php","meta":{"_monsterinsights_skip_tracking":false,"_monsterinsights_sitenote_active":false,"_monsterinsights_sitenote_note":"","_monsterinsights_sitenote_category":0,"_price":"","_stock":"","_tribe_ticket_header":"","_tribe_default_ticket_provider":"TEC\\Tickets\\Commerce\\Module","_tribe_ticket_capacity":"0","_ticket_start_date":"","_ticket_end_date":"","_tribe_ticket_show_description":"","_tribe_ticket_show_not_going":false,"_tribe_ticket_use_global_stock":"","_tribe_ticket_global_stock_level":"","_global_stock_mode":"","_global_stock_cap":"","_tribe_rsvp_for_event":"","_tribe_ticket_going_count":"","_tribe_ticket_not_going_count":"","_tribe_tickets_list":"[]","_tribe_ticket_has_attendee_info_fields":false,"footnotes":""},"class_list":["post-4678","page","type-page","status-publish","hentry"],"ticketed":false,"_links":{"self":[{"href":"https:\/\/www.nuestroshangrila.com\/index.php\/wp-json\/wp\/v2\/pages\/4678","targetHints":{"allow":["GET"]}}],"collection":[{"href":"https:\/\/www.nuestroshangrila.com\/index.php\/wp-json\/wp\/v2\/pages"}],"about":[{"href":"https:\/\/www.nuestroshangrila.com\/index.php\/wp-json\/wp\/v2\/types\/page"}],"author":[{"embeddable":true,"href":"https:\/\/www.nuestroshangrila.com\/index.php\/wp-json\/wp\/v2\/users\/1"}],"replies":[{"embeddable":true,"href":"https:\/\/www.nuestroshangrila.com\/index.php\/wp-json\/wp\/v2\/comments?post=4678"}],"version-history":[{"count":53,"href":"https:\/\/www.nuestroshangrila.com\/index.php\/wp-json\/wp\/v2\/pages\/4678\/revisions"}],"predecessor-version":[{"id":8449,"href":"https:\/\/www.nuestroshangrila.com\/index.php\/wp-json\/wp\/v2\/pages\/4678\/revisions\/8449"}],"wp:attachment":[{"href":"https:\/\/www.nuestroshangrila.com\/index.php\/wp-json\/wp\/v2\/media?parent=4678"}],"curies":[{"name":"wp","href":"https:\/\/api.w.org\/{rel}","templated":true}]}}