{"id":4698,"date":"2024-03-29T16:53:16","date_gmt":"2024-03-29T16:53:16","guid":{"rendered":"https:\/\/www.nuestroshangrila.com\/?page_id=4698"},"modified":"2025-09-01T12:40:03","modified_gmt":"2025-09-01T10:40:03","slug":"la_sala","status":"publish","type":"page","link":"https:\/\/www.nuestroshangrila.com\/index.php\/la_sala\/","title":{"rendered":"LA_SALA"},"content":{"rendered":"<p>[vc_row][vc_column]\n\t\t\t<!-- START Home3 REVOLUTION SLIDER 6.4.11 --><p class=\"rs-p-wp-fix\"><\/p>\n\t\t\t<rs-module-wrap id=\"rev_slider_2_1_wrapper\" data-source=\"gallery\" style=\"background:transparent;padding:0;margin:0px auto;margin-top:0;margin-bottom:0;max-width:;\">\n\t\t\t\t<rs-module id=\"rev_slider_2_1\" style=\"\" data-version=\"6.4.11\">\n\t\t\t\t\t<rs-slides>\n\t\t\t\t\t\t<rs-slide data-key=\"rs-4\" data-title=\"Slide\" data-in=\"o:0;\" data-out=\"a:false;\">\n\t\t\t\t\t\t\t<img loading=\"lazy\" decoding=\"async\" src=\"\/\/www.nuestroshangrila.com\/wp-content\/uploads\/2024\/03\/DSC00603-scaled.jpg\" title=\"DSC00603\" width=\"2560\" height=\"1707\" class=\"rev-slidebg tp-rs-img\" data-parallax=\"8\" data-no-retina>\n<!--\n\t\t\t\t\t\t\t--><rs-layer\n\t\t\t\t\t\t\t\tid=\"slider-2-slide-4-layer-1\" \n\t\t\t\t\t\t\t\tdata-type=\"text\"\n\t\t\t\t\t\t\t\tdata-rsp_ch=\"on\"\n\t\t\t\t\t\t\t\tdata-xy=\"x:c,l,l,c;xo:0,135px,70px,0;y:b;yo:339px,278px,209px,259px;\"\n\t\t\t\t\t\t\t\tdata-text=\"s:100,180,180,31;l:260,190,190,106;ls:-5px,-3px,-3px,-1px;fw:500;a:inherit;\"\n\t\t\t\t\t\t\t\tdata-dim=\"w:815px,579px,586px,277px;h:263px,auto,auto,auto;\"\n\t\t\t\t\t\t\t\tdata-basealign=\"slide\"\n\t\t\t\t\t\t\t\tdata-frame_0=\"x:0,0,0,0px;y:0,0,0,0px;\"\n\t\t\t\t\t\t\t\tdata-frame_1=\"x:0,0,0,0px;y:0,0,0,0px;e:power4.inOut;st:1710;sp:1500;\"\n\t\t\t\t\t\t\t\tdata-frame_999=\"o:0;st:w;sR:5030;\"\n\t\t\t\t\t\t\t\tstyle=\"z-index:6;font-family:Oswald;text-transform:uppercase;\"\n\t\t\t\t\t\t\t>El espacio y el tiempo \n\t\t\t\t\t\t\t<\/rs-layer><!--\n\n\t\t\t\t\t\t\t--><rs-layer\n\t\t\t\t\t\t\t\tid=\"slider-2-slide-4-layer-5\" \n\t\t\t\t\t\t\t\tdata-type=\"text\"\n\t\t\t\t\t\t\t\tdata-color=\"#f45f0a\"\n\t\t\t\t\t\t\t\tdata-rsp_ch=\"on\"\n\t\t\t\t\t\t\t\tdata-xy=\"x:c,l,l,c;xo:0,180px,130px,0;y:b;yo:519px,433px,364px,335px;\"\n\t\t\t\t\t\t\t\tdata-text=\"s:60,45,45,80;l:80,65,65,60;ls:-4px,-3px,-3px,-3px;a:inherit;\"\n\t\t\t\t\t\t\t\tdata-dim=\"w:auto,214px,213px,auto;h:auto,67px,66px,auto;\"\n\t\t\t\t\t\t\t\tdata-basealign=\"slide\"\n\t\t\t\t\t\t\t\tdata-frame_0=\"y:-50px;\"\n\t\t\t\t\t\t\t\tdata-frame_1=\"e:power1.inOut;st:290;sp:1010;sR:290;\"\n\t\t\t\t\t\t\t\tdata-frame_999=\"o:0;st:w;sR:7700;\"\n\t\t\t\t\t\t\t\tstyle=\"z-index:5;font-family:Quentin;\"\n\t\t\t\t\t\t\t>Conoce \n\t\t\t\t\t\t\t<\/rs-layer><!--\n-->\t\t\t\t\t\t<\/rs-slide>\n\t\t\t\t\t<\/rs-slides>\n\t\t\t\t<\/rs-module>\n\t\t\t\t<script type=\"text\/javascript\">\n\t\t\t\t\tsetREVStartSize({c: 'rev_slider_2_1',rl:[1240,1024,778,480],el:[865,670,530,500],gw:[1300,1100,600,300],gh:[865,670,530,500],type:'hero',justify:'',layout:'fullwidth',mh:\"0\"});\n\t\t\t\t\tvar\trevapi2,\n\t\t\t\t\t\ttpj;\n\t\t\t\t\tfunction revinit_revslider21() {\n\t\t\t\t\tjQuery(function() {\n\t\t\t\t\t\ttpj = jQuery;\n\t\t\t\t\t\trevapi2 = tpj(\"#rev_slider_2_1\");\n\t\t\t\t\t\tif(revapi2==undefined || revapi2.revolution == undefined){\n\t\t\t\t\t\t\trevslider_showDoubleJqueryError(\"rev_slider_2_1\");\n\t\t\t\t\t\t}else{\n\t\t\t\t\t\t\trevapi2.revolution({\n\t\t\t\t\t\t\t\tsliderType:\"hero\",\n\t\t\t\t\t\t\t\tDPR:\"dpr\",\n\t\t\t\t\t\t\t\tvisibilityLevels:\"1240,1024,778,480\",\n\t\t\t\t\t\t\t\tgridwidth:\"1300,1100,600,300\",\n\t\t\t\t\t\t\t\tgridheight:\"865,670,530,500\",\n\t\t\t\t\t\t\t\tspinner:\"spinner1\",\n\t\t\t\t\t\t\t\tperspective:600,\n\t\t\t\t\t\t\t\tperspectiveType:\"local\",\n\t\t\t\t\t\t\t\teditorheight:\"865,670,530,500\",\n\t\t\t\t\t\t\t\tresponsiveLevels:\"1240,1024,778,480\",\n\t\t\t\t\t\t\t\tprogressBar:{disableProgressBar:true},\n\t\t\t\t\t\t\t\tnavigation: {\n\t\t\t\t\t\t\t\t\tonHoverStop:false\n\t\t\t\t\t\t\t\t},\n\t\t\t\t\t\t\t\tparallax: {\n\t\t\t\t\t\t\t\t\tlevels:[5,10,15,20,25,30,35,40,45,46,47,48,49,50,51,55],\n\t\t\t\t\t\t\t\t\ttype:\"mouse\",\n\t\t\t\t\t\t\t\t\tdisable_onmobile:true\n\t\t\t\t\t\t\t\t},\n\t\t\t\t\t\t\t\tviewPort: {\n\t\t\t\t\t\t\t\t\tenable:true,\n\t\t\t\t\t\t\t\t\tvisible_area:\"1%\"\n\t\t\t\t\t\t\t\t},\n\t\t\t\t\t\t\t\tfallbacks: {\n\t\t\t\t\t\t\t\t\tallowHTML5AutoPlayOnAndroid:true\n\t\t\t\t\t\t\t\t},\n\t\t\t\t\t\t\t});\n\t\t\t\t\t\t}\n\t\t\t\t\t\t\n\t\t\t\t\t});\n\t\t\t\t\t} \/\/ End of RevInitScript\n\t\t\t\tvar once_revslider21 = false;\n\t\t\t\tif (document.readyState === \"loading\") {document.addEventListener('readystatechange',function() { if((document.readyState === \"interactive\" || document.readyState === \"complete\") && !once_revslider21 ) { once_revslider21 = true; revinit_revslider21();}});} else {once_revslider21 = true; revinit_revslider21();}\n\t\t\t\t<\/script>\n\t\t\t\t<script>\n\t\t\t\t\tvar htmlDivCss = unescape(\"%23rev_slider_2_1_wrapper%20rs-loader.spinner1%7B%20background-color%3A%20%23FFFFFF%20%21important%3B%20%7D\");\n\t\t\t\t\tvar htmlDiv = document.getElementById('rs-plugin-settings-inline-css');\n\t\t\t\t\tif(htmlDiv) {\n\t\t\t\t\t\thtmlDiv.innerHTML = htmlDiv.innerHTML + htmlDivCss;\n\t\t\t\t\t}else{\n\t\t\t\t\t\tvar htmlDiv = document.createElement('div');\n\t\t\t\t\t\thtmlDiv.innerHTML = '<style>' + htmlDivCss + '<\/style>';\n\t\t\t\t\t\tdocument.getElementsByTagName('head')[0].appendChild(htmlDiv.childNodes[0]);\n\t\t\t\t\t}\n\t\t\t\t<\/script>\n\t\t\t<\/rs-module-wrap>\n\t\t\t<!-- END REVOLUTION SLIDER -->\n[\/vc_column][\/vc_row][vc_row][vc_column width=\u00bb1\/4&#8243;][\/vc_column][vc_column width=\u00bb1\/2&#8243;][vc_empty_space][vc_column_text]<\/p>\n<h5 style=\"text-align: center;\">Un espacio \u00fanico en la Sierra de Guadarrama<\/h5>\n<p>[\/vc_column_text][vc_column_text]Un espacio donde puedes tomar el aperitivo, comer y cenar, tomar c\u00f3cteles cl\u00e1sicos y de autor, cervezas, copas,&#8230; todo esto mientras vives un concierto, juegas un billar o un futbol\u00edn con tus amigos o bailas en la pista. Donde el tiempo transcurre de otro modo. Con\u00f3celo.[\/vc_column_text][vc_empty_space]<div class=\"edgtf-accordion-holder edgtf-ac-default  edgtf-accordion edgtf-ac-simple  clearfix\">\n\t<h6 class=\"edgtf-accordion-title\">\n    <span class=\"edgtf-accordion-mark\">\n\t\t<span class=\"edgtf_icon_plus icon_plus\"><\/span>\n\t\t<span class=\"edgtf_icon_minus icon_minus-06\"><\/span>\n\t<\/span>\n\t<span class=\"edgtf-tab-title\">El Club<\/span>\n<\/h6>\n<div class=\"edgtf-accordion-content\">\n\t<div class=\"edgtf-accordion-content-inner\">\n\t\t[vc_column_text]En el SHANGRI-LA Club la prioridad es la m\u00fasica, en todos sus formatos y g\u00e9neros. Solo hay un requisito para entrar: el respeto a la escucha atenta de los dem\u00e1s. Puedes tomar algo en la barra informalmente, o comer o cenar c\u00f3modamente en la zona reservada. Existe programaci\u00f3n regular de m\u00fasica en vivo de en la noche de jueves a s\u00e1bado, todos los fines de semana del a\u00f1o.[\/vc_column_text][vc_empty_space height=\u00bb12px\u00bb]<div class=\"edgtf-icon-list-holder \" >\n\t<div class=\"edgtf-il-icon-holder\">\n\t\t<i class=\"edgtf-icon-font-awesome fa fa-universal-access \" style=\"color: #f45f0b;font-size: 20px\"><\/i>\t<\/div>\n\t<p class=\"edgtf-il-text\" style=\"padding-left: 20px\">AFORO DE 100 PERSONAS<\/p>\n<\/div><div class=\"edgtf-icon-list-holder \" >\n\t<div class=\"edgtf-il-icon-holder\">\n\t\t<i class=\"edgtf-icon-font-awesome fa fa-wheelchair \" style=\"color: #f45f0b;font-size: 20px\"><\/i>\t<\/div>\n\t<p class=\"edgtf-il-text\" style=\"padding-left: 20px\">ACCESIBLE<\/p>\n<\/div><div class=\"edgtf-icon-list-holder \" >\n\t<div class=\"edgtf-il-icon-holder\">\n\t\t<i class=\"edgtf-icon-font-awesome fa fa-table \" style=\"color: #f45f0b;font-size: 20px\"><\/i>\t<\/div>\n\t<p class=\"edgtf-il-text\" style=\"padding-left: 20px\">ZONA DE COMEDOR CON SERVICIO DE MESA<\/p>\n<\/div><div class=\"edgtf-icon-list-holder \" >\n\t<div class=\"edgtf-il-icon-holder\">\n\t\t<i class=\"edgtf-icon-font-awesome fa fa-thumbs-up \" style=\"color: #f45f0b;font-size: 20px\"><\/i>\t<\/div>\n\t<p class=\"edgtf-il-text\" style=\"padding-left: 20px\">PET FRIENDLY<\/p>\n<\/div><div class=\"edgtf-icon-list-holder \" >\n\t<div class=\"edgtf-il-icon-holder\">\n\t\t<i class=\"edgtf-icon-font-awesome fa fa-headphones \" style=\"color: #f45f0b;font-size: 20px\"><\/i>\t<\/div>\n\t<p class=\"edgtf-il-text\" style=\"padding-left: 20px\">DJ SET<\/p>\n<\/div><div class=\"edgtf-icon-list-holder \" >\n\t<div class=\"edgtf-il-icon-holder\">\n\t\t<i class=\"edgtf-icon-font-awesome fa fa-music \" style=\"color: #f45f0b;font-size: 20px\"><\/i>\t<\/div>\n\t<p class=\"edgtf-il-text\" style=\"padding-left: 20px\">M\u00daSICA EN VIVO<\/p>\n<\/div><div class=\"edgtf-icon-list-holder \" >\n\t<div class=\"edgtf-il-icon-holder\">\n\t\t<i class=\"edgtf-icon-font-awesome fa fa-fire \" style=\"color: #f45f0b;font-size: 20px\"><\/i>\t<\/div>\n\t<p class=\"edgtf-il-text\" style=\"padding-left: 20px\">CHIMENEA DE LE\u00d1A<\/p>\n<\/div>\t<\/div>\n<\/div><h6 class=\"edgtf-accordion-title\">\n    <span class=\"edgtf-accordion-mark\">\n\t\t<span class=\"edgtf_icon_plus icon_plus\"><\/span>\n\t\t<span class=\"edgtf_icon_minus icon_minus-06\"><\/span>\n\t<\/span>\n\t<span class=\"edgtf-tab-title\">La Terraza<\/span>\n<\/h6>\n<div class=\"edgtf-accordion-content\">\n\t<div class=\"edgtf-accordion-content-inner\">\n\t\t[vc_column_text]Si el Club es la apuesta segura para la m\u00fasica en vivo, la Terraza\u00a0 lo es para la diversi\u00f3n con tus amigos en las noches de verano, cuando luce con todo su esplendor. Podemos presumir de tener la terraza m\u00e1s atractiva y divertida de muchos kil\u00f3metros a la redonda. Aperitivos, comidas, cenas, c\u00f3cteles, cervezas, copas,&#8230; Sin olvidarnos del billar m\u00e1s glamuroso de toda la Sierra y un futbol\u00edn donde siempre se juega el partido del siglo. D\u00e9jate seducir.[\/vc_column_text][vc_empty_space height=\u00bb12px\u00bb]<div class=\"edgtf-icon-list-holder \" >\n\t<div class=\"edgtf-il-icon-holder\">\n\t\t<i class=\"edgtf-icon-font-awesome fa fa-universal-access \" style=\"color: #f45f0b;font-size: 20px\"><\/i>\t<\/div>\n\t<p class=\"edgtf-il-text\" style=\"padding-left: 20px\">AFORO DE 120 PERSONAS<\/p>\n<\/div><div class=\"edgtf-icon-list-holder \" >\n\t<div class=\"edgtf-il-icon-holder\">\n\t\t<i class=\"edgtf-icon-font-awesome fa fa-spinner \" style=\"color: #f45f0b;font-size: 20px\"><\/i>\t<\/div>\n\t<p class=\"edgtf-il-text\" style=\"padding-left: 20px\">MESA DE BILLAR Y FUTBOL\u00cdN<\/p>\n<\/div><div class=\"edgtf-icon-list-holder \" >\n\t<div class=\"edgtf-il-icon-holder\">\n\t\t<i class=\"edgtf-icon-font-awesome fa fa-wheelchair \" style=\"color: #f45f0b;font-size: 20px\"><\/i>\t<\/div>\n\t<p class=\"edgtf-il-text\" style=\"padding-left: 20px\">ACCESIBLE<\/p>\n<\/div><div class=\"edgtf-icon-list-holder \" >\n\t<div class=\"edgtf-il-icon-holder\">\n\t\t<i class=\"edgtf-icon-font-awesome fa fa-table \" style=\"color: #f45f0b;font-size: 20px\"><\/i>\t<\/div>\n\t<p class=\"edgtf-il-text\" style=\"padding-left: 20px\">ZONA DE COMEDOR<\/p>\n<\/div><div class=\"edgtf-icon-list-holder \" >\n\t<div class=\"edgtf-il-icon-holder\">\n\t\t<i class=\"edgtf-icon-font-awesome fa fa-thumbs-up \" style=\"color: #f45f0b;font-size: 20px\"><\/i>\t<\/div>\n\t<p class=\"edgtf-il-text\" style=\"padding-left: 20px\">PET FRIENDLY<\/p>\n<\/div>\t<\/div>\n<\/div><h5 class=\"edgtf-accordion-title\">\n    <span class=\"edgtf-accordion-mark\">\n\t\t<span class=\"edgtf_icon_plus icon_plus\"><\/span>\n\t\t<span class=\"edgtf_icon_minus icon_minus-06\"><\/span>\n\t<\/span>\n\t<span class=\"edgtf-tab-title\">M\u00c1S DATOS<\/span>\n<\/h5>\n<div class=\"edgtf-accordion-content\">\n\t<div class=\"edgtf-accordion-content-inner\">\n\t\t[vc_column_text]\u00b7 Solo reservamos mesas en zonas de comedor. No se toman reservas de mesas altas o zonas de barra. Las noches de concierto es necesario comprar la entrada en taquilla para acceder al Club. En el comedor del SHANGRI-LA Club disponemos de 7 mesas con un m\u00e1ximo de 8 personas por mesa (grupos m\u00e1s grandes consultar). En el comedor de la Terraza podemos configurar mesa para un m\u00e1ximo de 30 personas (grupos m\u00e1s grandes consultar).<\/p>\n<p>\u00b7 El acceso al SHANGRI-LA Club tiene un coste por persona que depende de la actuaci\u00f3n. Las entradas pueden adquirirse anticipadamente en esta <a href=\"https:\/\/www.nuestroshangrila.com\/index.php\/tickets\/\">p\u00e1gina web <\/a>o en taquilla en los momentos previos. Consulte previamente <a href=\"https:\/\/www.nuestroshangrila.com\/index.php\/aviso-legal\/\">las condiciones de compra y devoluci\u00f3n<\/a>..<\/p>\n<p>\u00b7 Nuestro SHANGRI-LA est\u00e1 orientado a personas mayores de 18 a\u00f1os. La entrada de menores est\u00e1 regulada, consulte toda la informaci\u00f3n en el <a href=\"https:\/\/www.nuestroshangrila.com\/index.php\/aviso-legal\/\" target=\"_blank\" rel=\"noopener\">Aviso Legal<\/a>.<\/p>\n<p>\u00b7 Est\u00e1 reservado el derecho de admisi\u00f3n. En general, no podr\u00e1n acceder las personas que muestren se\u00f1ales evidentes de estar bajo los efectos del alcohol o\u00a0 drogas, o que por su comportamiento puedan suponer una alteraci\u00f3n del orden normal del local.[\/vc_column_text]\t<\/div>\n<\/div><h5 class=\"edgtf-accordion-title\">\n    <span class=\"edgtf-accordion-mark\">\n\t\t<span class=\"edgtf_icon_plus icon_plus\"><\/span>\n\t\t<span class=\"edgtf_icon_minus icon_minus-06\"><\/span>\n\t<\/span>\n\t<span class=\"edgtf-tab-title\">RESERVAS<\/span>\n<\/h5>\n<div class=\"edgtf-accordion-content\">\n\t<div class=\"edgtf-accordion-content-inner\">\n\t\t[vc_column_text]Reserva mesa, en el SHANGRI-LA Club o en el comedor de la Terraza por tel\u00e9fono (preferiblemente por WhatsApp): <a href=\"tel:+34676421642\">676 421 642<\/a>[\/vc_column_text]\t<\/div>\n<\/div><h5 class=\"edgtf-accordion-title\">\n    <span class=\"edgtf-accordion-mark\">\n\t\t<span class=\"edgtf_icon_plus icon_plus\"><\/span>\n\t\t<span class=\"edgtf_icon_minus icon_minus-06\"><\/span>\n\t<\/span>\n\t<span class=\"edgtf-tab-title\">ALQUILA EL ESPACIO<\/span>\n<\/h5>\n<div class=\"edgtf-accordion-content\">\n\t<div class=\"edgtf-accordion-content-inner\">\n\t\t[vc_column_text]Puedes alquilar todos los espacios de Nuestro SHANGRI-LA, con la posibilidad de incluir los servicios que habitualmente ofrecemos. Fiestas particulares con concierto privado, cenas de empresa, rodaje cinematogr\u00e1fico,&#8230; Si te interesa, ponte en contacto con nosotros: escr\u00edbenos a <a href=\"mailto:info@nuestroshangrila.com\">info@nuestroshangrila.com<\/a> o ll\u00e1manos al <a href=\"tel:676421642\">676 421 642<\/a>. Lo m\u00e1s divertido y bonito puede ser tambi\u00e9n lo m\u00e1s exclusivo.[\/vc_column_text]\t<\/div>\n<\/div><\/div>[\/vc_column][vc_column width=\u00bb1\/4&#8243;][\/vc_column][\/vc_row][vc_row][vc_column][vc_separator][\/vc_column][\/vc_row]<\/p>\n","protected":false},"excerpt":{"rendered":"<p>[vc_row][vc_column][\/vc_column][\/vc_row][vc_row][vc_column width=\u00bb1\/4&#8243;][\/vc_column][vc_column width=\u00bb1\/2&#8243;][vc_empty_space][vc_column_text] Un espacio \u00fanico en la Sierra de Guadarrama [\/vc_column_text][vc_column_text]Un espacio donde puedes tomar el aperitivo, comer y cenar, tomar c\u00f3cteles cl\u00e1sicos y de autor, cervezas, copas,&#8230; todo esto mientras vives un concierto, juegas un billar o un futbol\u00edn con tus amigos o bailas en la pista. Donde el tiempo transcurre de otro modo. Con\u00f3celo.[\/vc_column_text][vc_empty_space][\/vc_column][vc_column width=\u00bb1\/4&#8243;][\/vc_column][\/vc_row][vc_row][vc_column][vc_separator][\/vc_column][\/vc_row]<\/p>\n","protected":false},"author":1,"featured_media":0,"parent":0,"menu_order":0,"comment_status":"closed","ping_status":"closed","template":"full-width.php","meta":{"_monsterinsights_skip_tracking":false,"_monsterinsights_sitenote_active":false,"_monsterinsights_sitenote_note":"","_monsterinsights_sitenote_category":0,"_price":"","_stock":"","_tribe_ticket_header":"","_tribe_default_ticket_provider":"TEC\\Tickets\\Commerce\\Module","_tribe_ticket_capacity":"0","_ticket_start_date":"","_ticket_end_date":"","_tribe_ticket_show_description":"","_tribe_ticket_show_not_going":false,"_tribe_ticket_use_global_stock":"","_tribe_ticket_global_stock_level":"","_global_stock_mode":"","_global_stock_cap":"","_tribe_rsvp_for_event":"","_tribe_ticket_going_count":"","_tribe_ticket_not_going_count":"","_tribe_tickets_list":"[]","_tribe_ticket_has_attendee_info_fields":false,"footnotes":""},"class_list":["post-4698","page","type-page","status-publish","hentry"],"ticketed":false,"_links":{"self":[{"href":"https:\/\/www.nuestroshangrila.com\/index.php\/wp-json\/wp\/v2\/pages\/4698","targetHints":{"allow":["GET"]}}],"collection":[{"href":"https:\/\/www.nuestroshangrila.com\/index.php\/wp-json\/wp\/v2\/pages"}],"about":[{"href":"https:\/\/www.nuestroshangrila.com\/index.php\/wp-json\/wp\/v2\/types\/page"}],"author":[{"embeddable":true,"href":"https:\/\/www.nuestroshangrila.com\/index.php\/wp-json\/wp\/v2\/users\/1"}],"replies":[{"embeddable":true,"href":"https:\/\/www.nuestroshangrila.com\/index.php\/wp-json\/wp\/v2\/comments?post=4698"}],"version-history":[{"count":28,"href":"https:\/\/www.nuestroshangrila.com\/index.php\/wp-json\/wp\/v2\/pages\/4698\/revisions"}],"predecessor-version":[{"id":7456,"href":"https:\/\/www.nuestroshangrila.com\/index.php\/wp-json\/wp\/v2\/pages\/4698\/revisions\/7456"}],"wp:attachment":[{"href":"https:\/\/www.nuestroshangrila.com\/index.php\/wp-json\/wp\/v2\/media?parent=4698"}],"curies":[{"name":"wp","href":"https:\/\/api.w.org\/{rel}","templated":true}]}}