{"id":4714,"date":"2024-03-29T20:04:45","date_gmt":"2024-03-29T20:04:45","guid":{"rendered":"https:\/\/www.nuestroshangrila.com\/?page_id=4714"},"modified":"2024-03-29T20:10:02","modified_gmt":"2024-03-29T20:10:02","slug":"cookies","status":"publish","type":"page","link":"https:\/\/www.nuestroshangrila.com\/index.php\/cookies\/","title":{"rendered":"cookies"},"content":{"rendered":"\n<p><strong>Informaci\u00f3n General<br><\/strong>La p\u00e1gina web\u00a0http:\/\/www.nuestroshangrila.com\/\u00a0utiliza cookies.<br><br>Una cookie es un peque\u00f1o archivo de texto que se almacena en su navegador, y le permite recordar la informaci\u00f3n entre las p\u00e1ginas web y las sesiones del navegador. Esta web utiliza un n\u00famero de cookies de primera mano y algunas son cookies externas que se generan en nuestra p\u00e1gina web por parte de terceros. Ellas nos permiten recordar cada parte de su actividad en nuestra web, recordar sus datos como usuario y mostrar el contenido adecuado en funci\u00f3n de las opciones seleccionadas. Tambi\u00e9n nos ayuda a entender el comportamiento del usuario dentro de nuestra web, lo que significa que podemos mejorar tu experiencia a trav\u00e9s de la misma.<br><br>Las cookies s\u00f3lo pueden almacenar texto, por lo general siempre es an\u00f3nimo y cifrado. Nuestroshangrila.com nunca almacenar\u00e1 ninguna informaci\u00f3n personal en una cookie.<br><br><strong>\u00bfQu\u00e9 son las Cookies?<br><\/strong>Las cookies son peque\u00f1os archivos de texto generados por las p\u00e1ginas web que usted visita, las cuales contienen los datos de sesi\u00f3n que pueden ser de utilidad m\u00e1s adelante en la p\u00e1gina web. Los datos permiten que la p\u00e1gina web pueda mantener su informaci\u00f3n entre las p\u00e1ginas, y tambi\u00e9n para analizar la forma de interactuar con el Espacio.<br><br>Las cookies son seguras ya que s\u00f3lo pueden almacenar la informaci\u00f3n que se puso en su lugar por el navegador, lo que es informaci\u00f3n que el usuario ha introducido en el navegador o la que se incluye en la solicitud de p\u00e1gina. No puede ejecutar el c\u00f3digo y no se puede utilizar para acceder a su ordenador. Si una p\u00e1gina web encripta la informaci\u00f3n de la cookie, s\u00f3lo la p\u00e1gina web puede leer la informaci\u00f3n.<br><br>Hay varios tipos de cookies que se utilizan para cosas diferentes y contienen informaci\u00f3n diferente.<br><br>Las cookies de sesi\u00f3n contienen informaci\u00f3n que se utiliza dentro de su sesi\u00f3n actual del navegador. Estas cookies se borran autom\u00e1ticamente cuando usted cierra el navegador. Nada se conserva en su equipo m\u00e1s all\u00e1 del tiempo que pasa en el Espacio Web.<br><br>Las cookies persistentes se utilizan para almacenar la informaci\u00f3n que se utiliza entre las visitas. Estos datos permiten al Espacio web reconocer que usted es un cliente habitual y reaccionar en consecuencia. Las cookies persistentes y pueden ser accedidos y tratados durante un periodo definido por el responsable de las cookies.<br><br>Las cookies anal\u00edticas son un tipo de cookies que sirven para recabar estad\u00edsticas sobre la actividad del usuario al visitar la p\u00e1gina web y la actividad general de la misma. La informaci\u00f3n recopilada es an\u00f3nima y permite optimizar la navegaci\u00f3n por nuestra p\u00e1gina web y garantizar el mejor servicio al usuario. El usuario puede excluir su actividad mediante los sistemas de exclusi\u00f3n facilitados por las herramientas anal\u00edticas.<br><br><strong>\u00bfPor qu\u00e9 se usan las Cookies?<br><\/strong>Las cookies son utilizadas por la p\u00e1gina web para mantener la sesi\u00f3n a medida que avanza a trav\u00e9s de la web, y poder gestionar as\u00ed los pedidos online. Con el servicio de Google Analytics las cookies, nos permiten realizar un seguimiento de la interacci\u00f3n del cliente dentro de la p\u00e1gina web. Esto nos da ideas valiosas que nos permiten mejorar la p\u00e1gina web y los productos y servicios que ofrecemos.<br><br><strong>La desactivaci\u00f3n y eliminaci\u00f3n de las cookies<br><\/strong>Todos los navegadores de Internet le permiten limitar el comportamiento de una cookie o desactivar las cookies dentro de la configuraci\u00f3n o las opciones del navegador. Los pasos para hacerlo son diferentes para cada navegador y se pueden encontrar instrucciones de ayuda en el men\u00fa de su navegador.<br><br>A trav\u00e9s de su navegador, usted tambi\u00e9n puede ver las cookies que est\u00e1n en su ordenador, y borrarlas seg\u00fan crea conveniente. Las cookies son archivos de texto, los puede abrir y leer el contenido. Los datos dentro de ellos casi siempre est\u00e1 cifrado con una clave num\u00e9rica que corresponde a una sesi\u00f3n en Internet por lo que muchas veces no tiene sentido m\u00e1s all\u00e1 que la p\u00e1gina web que lo escribi\u00f3.<br><br>La desactivaci\u00f3n de las cookies tambi\u00e9n afectar\u00e1 el seguimiento de su progreso a trav\u00e9s del Espacio, pero no detendr\u00e1 el c\u00f3digo de Google Analytics desde el reconocimiento de su visita.<br><br><strong>Las cookies de socios tecnol\u00f3gicos.<\/strong>\u00a0<strong>Google.<br><\/strong>Los datos de las cookies le dice a Google qu\u00e9 p\u00e1ginas, productos y servicios han sido visitados, y les permite encontrar anuncios correspondientes. Google escribe tanto cookies de sesi\u00f3n como las persistentes. Las cookies recopilan la direcci\u00f3n IP del usuario siendo Google el responsable del tratamiento de esta informaci\u00f3n. Le recordamos que la eliminaci\u00f3n o desactivaci\u00f3n de las cookies no limita la funcionalidad del Espacio.<br><br><strong>Cl\u00e1usula de consentimiento para la utilizaci\u00f3n de cookies\u00a0<br><\/strong>Este Espacio Web utiliza cookies para asegurar la mejor experiencia al usuario. El Espacio Web est\u00e1 configurado para permitir todas las cookies. Si no cambias esta configuraci\u00f3n entendemos que aceptas el uso de las mismas.<\/p>\n","protected":false},"excerpt":{"rendered":"<p>Informaci\u00f3n GeneralLa p\u00e1gina web\u00a0http:\/\/www.nuestroshangrila.com\/\u00a0utiliza cookies. Una cookie es un peque\u00f1o archivo de texto que se almacena en su navegador, y le permite recordar la informaci\u00f3n entre las p\u00e1ginas web y las sesiones del navegador. Esta web utiliza un n\u00famero de cookies de primera mano y algunas son cookies externas que se generan en nuestra p\u00e1gina web por parte de terceros. Ellas nos permiten recordar cada parte de su actividad en nuestra web, recordar sus datos como usuario y mostrar el contenido adecuado en funci\u00f3n de las opciones seleccionadas. Tambi\u00e9n nos ayuda a entender el comportamiento del usuario dentro de nuestra web, lo que significa que podemos mejorar tu experiencia a trav\u00e9s de la misma. Las cookies s\u00f3lo pueden almacenar texto, por lo general siempre es an\u00f3nimo y cifrado. Nuestroshangrila.com nunca almacenar\u00e1 ninguna informaci\u00f3n personal en una cookie. \u00bfQu\u00e9 son las Cookies?Las cookies son peque\u00f1os archivos de texto generados por las [&hellip;]<\/p>\n","protected":false},"author":1,"featured_media":0,"parent":0,"menu_order":0,"comment_status":"closed","ping_status":"closed","template":"","meta":{"_monsterinsights_skip_tracking":false,"_monsterinsights_sitenote_active":false,"_monsterinsights_sitenote_note":"","_monsterinsights_sitenote_category":0,"_price":"","_stock":"","_tribe_ticket_header":"","_tribe_default_ticket_provider":"","_tribe_ticket_capacity":"0","_ticket_start_date":"","_ticket_end_date":"","_tribe_ticket_show_description":"","_tribe_ticket_show_not_going":false,"_tribe_ticket_use_global_stock":"","_tribe_ticket_global_stock_level":"","_global_stock_mode":"","_global_stock_cap":"","_tribe_rsvp_for_event":"","_tribe_ticket_going_count":"","_tribe_ticket_not_going_count":"","_tribe_tickets_list":"[]","_tribe_ticket_has_attendee_info_fields":false,"footnotes":""},"class_list":["post-4714","page","type-page","status-publish","hentry"],"ticketed":false,"_links":{"self":[{"href":"https:\/\/www.nuestroshangrila.com\/index.php\/wp-json\/wp\/v2\/pages\/4714","targetHints":{"allow":["GET"]}}],"collection":[{"href":"https:\/\/www.nuestroshangrila.com\/index.php\/wp-json\/wp\/v2\/pages"}],"about":[{"href":"https:\/\/www.nuestroshangrila.com\/index.php\/wp-json\/wp\/v2\/types\/page"}],"author":[{"embeddable":true,"href":"https:\/\/www.nuestroshangrila.com\/index.php\/wp-json\/wp\/v2\/users\/1"}],"replies":[{"embeddable":true,"href":"https:\/\/www.nuestroshangrila.com\/index.php\/wp-json\/wp\/v2\/comments?post=4714"}],"version-history":[{"count":1,"href":"https:\/\/www.nuestroshangrila.com\/index.php\/wp-json\/wp\/v2\/pages\/4714\/revisions"}],"predecessor-version":[{"id":4715,"href":"https:\/\/www.nuestroshangrila.com\/index.php\/wp-json\/wp\/v2\/pages\/4714\/revisions\/4715"}],"wp:attachment":[{"href":"https:\/\/www.nuestroshangrila.com\/index.php\/wp-json\/wp\/v2\/media?parent=4714"}],"curies":[{"name":"wp","href":"https:\/\/api.w.org\/{rel}","templated":true}]}}