{"id":5528,"date":"2024-09-21T09:24:04","date_gmt":"2024-09-21T09:24:04","guid":{"rendered":"https:\/\/www.nuestroshangrila.com\/?page_id=5528"},"modified":"2025-10-29T16:19:53","modified_gmt":"2025-10-29T15:19:53","slug":"clubbinsierrafest","status":"publish","type":"page","link":"https:\/\/www.nuestroshangrila.com\/index.php\/clubbinsierrafest\/","title":{"rendered":"CLUBBINSIERRA FEST"},"content":{"rendered":"<p>[vc_row full_width=\u00bbstretch_row\u00bb content_text_aligment=\u00bbcenter\u00bb css=\u00bb.vc_custom_1728486108064{margin-top: 0px !important;border-top-width: 0px !important;padding-top: 0px !important;}\u00bb][vc_column width=\u00bb1\/5&#8243; css=\u00bb.vc_custom_1726911234667{margin-top: 0px !important;border-top-width: 0px !important;padding-top: 0px !important;}\u00bb][\/vc_column][vc_column width=\u00bb1\/5&#8243;][\/vc_column][vc_column width=\u00bb1\/5&#8243; css=\u00bb.vc_custom_1728486120601{margin-top: 0px !important;border-top-width: 0px !important;padding-top: 0px !important;background-color: #dd9221 !important;border-radius: 20px !important;}\u00bb][vc_empty_space height=\u00bb5px\u00bb][vc_single_image image=\u00bb5530&#8243; alignment=\u00bbcenter\u00bb style=\u00bbvc_box_circle_2&#8243; css=\u00bb.vc_custom_1728485846057{margin-top: 0px !important;border-top-width: 0px !important;padding-top: 0px !important;}\u00bb][\/vc_column][vc_column width=\u00bb1\/5&#8243;][\/vc_column][vc_column width=\u00bb1\/5&#8243;][\/vc_column][\/vc_row][vc_row full_width=\u00bbstretch_row\u00bb content_text_aligment=\u00bbcenter\u00bb css=\u00bb.vc_custom_1726911760441{margin-top: 0px !important;border-top-width: 0px !important;padding-top: 0px !important;}\u00bb][vc_column width=\u00bb1\/4&#8243; css=\u00bb.vc_custom_1726911234667{margin-top: 0px !important;border-top-width: 0px !important;padding-top: 0px !important;}\u00bb][\/vc_column][vc_column width=\u00bb1\/2&#8243;][vc_empty_space height=\u00bb10px\u00bb]<div class=\"edgtf-section-title-holder  \" >\n\t<div class=\"edgtf-st-inner\">\n\t\t\t\t\t<var class=\"edgtf-st-tagline\" >\n\t\t\t\t2\u00aa Edici\u00f3n\t\t\t<\/var>\n\t\t\t\t\t\t\t<h3 class=\"edgtf-st-title\" >\n\t\t\t\tClubbInSierra Fest<span class=\"edgtf-st-title-dot\">.<\/span>\t\t\t<\/h3>\n\t\t\t\t\t\t\t<\/div>\n<\/div>[vc_column_text]Del 13 al 16 de noviembre, vuelve el festival que derrocha m\u00fasica y cultura, vuelve el ClubbInSierra Fest.<\/p>\n<p>Un evento de todo un fin de semana en el que, adem\u00e1s, celebramos el segundo aniversario de Nuestro SHANGRI-LA.<\/p>\n<p>\u00bfTe apuntas a la fiesta?[\/vc_column_text][vc_empty_space height=\u00bb36px\u00bb]<div class=\"edgtf-section-title-holder  \" >\n\t<div class=\"edgtf-st-inner\">\n\t\t\t\t\t\t\t<h5 class=\"edgtf-st-title\" >\n\t\t\t\tPROGRAMACI\u00d3N\t\t\t<\/h5>\n\t\t\t\t\t\t\t<\/div>\n<\/div>[\/vc_column][vc_column width=\u00bb1\/4&#8243;][\/vc_column][\/vc_row][vc_row][vc_column width=\u00bb1\/6&#8243;][\/vc_column][vc_column width=\u00bb2\/3&#8243;]<div class=\"edgtf-accordion-holder edgtf-ac-default  edgtf-toggle edgtf-ac-simple  clearfix\">\n\t<h5 class=\"edgtf-accordion-title\">\n    <span class=\"edgtf-accordion-mark\">\n\t\t<span class=\"edgtf_icon_plus icon_plus\"><\/span>\n\t\t<span class=\"edgtf_icon_minus icon_minus-06\"><\/span>\n\t<\/span>\n\t<span class=\"edgtf-tab-title\">JUEVES 13<\/span>\n<\/h5>\n<div class=\"edgtf-accordion-content\">\n\t<div class=\"edgtf-accordion-content-inner\">\n\t\t<div class=\"edgtf-icon-list-holder \" >\n\t<div class=\"edgtf-il-icon-holder\">\n\t\t<i class=\"edgtf-icon-font-awesome fa fa-history \" style=\"color: #f45f0b;font-size: 20px\"><\/i>\t<\/div>\n\t<p class=\"edgtf-il-text\" style=\"padding-left: 20px\">20:00 h -CIENCIA SERRANA. El clan que puso los cuernos.<\/p>\n<\/div><div class=\"edgtf-icon-list-holder \" >\n\t<div class=\"edgtf-il-icon-holder\">\n\t\t<i class=\"edgtf-icon-font-awesome fa fa-music \" style=\"color: #f45f0b;font-size: 20px\"><\/i>\t<\/div>\n\t<p class=\"edgtf-il-text\" style=\"padding-left: 20px\">21:30 h - Las Noches de Folk Abierto, especial 2\u00ba aniversario.<\/p>\n<\/div>\t<\/div>\n<\/div><h5 class=\"edgtf-accordion-title\">\n    <span class=\"edgtf-accordion-mark\">\n\t\t<span class=\"edgtf_icon_plus icon_plus\"><\/span>\n\t\t<span class=\"edgtf_icon_minus icon_minus-06\"><\/span>\n\t<\/span>\n\t<span class=\"edgtf-tab-title\">VIERNES 14<\/span>\n<\/h5>\n<div class=\"edgtf-accordion-content\">\n\t<div class=\"edgtf-accordion-content-inner\">\n\t\t<div class=\"edgtf-icon-list-holder \" >\n\t<div class=\"edgtf-il-icon-holder\">\n\t\t<i class=\"edgtf-icon-font-awesome fa fa-history \" style=\"color: #f45f0b;font-size: 20px\"><\/i>\t<\/div>\n\t<p class=\"edgtf-il-text\" style=\"padding-left: 20px\">20:00 h - Clase de Lindy Hop.<\/p>\n<\/div><div class=\"edgtf-icon-list-holder \" >\n\t<div class=\"edgtf-il-icon-holder\">\n\t\t<i class=\"edgtf-icon-font-awesome fa fa-music \" style=\"color: #f45f0b;font-size: 20px\"><\/i>\t<\/div>\n\t<p class=\"edgtf-il-text\" style=\"padding-left: 20px\">21:30 h - SHANGRI-LA Social Swing<\/p>\n<\/div>\t<\/div>\n<\/div><h5 class=\"edgtf-accordion-title\">\n    <span class=\"edgtf-accordion-mark\">\n\t\t<span class=\"edgtf_icon_plus icon_plus\"><\/span>\n\t\t<span class=\"edgtf_icon_minus icon_minus-06\"><\/span>\n\t<\/span>\n\t<span class=\"edgtf-tab-title\">S\u00c1BADO 15<\/span>\n<\/h5>\n<div class=\"edgtf-accordion-content\">\n\t<div class=\"edgtf-accordion-content-inner\">\n\t\t<div class=\"edgtf-icon-list-holder \" >\n\t<div class=\"edgtf-il-icon-holder\">\n\t\t<i class=\"edgtf-icon-font-awesome fa fa-music \" style=\"color: #f45f0b;font-size: 20px\"><\/i>\t<\/div>\n\t<p class=\"edgtf-il-text\" style=\"padding-left: 20px\">11:00 h - TALLER. Cuento Musical.<\/p>\n<\/div><div class=\"edgtf-icon-list-holder \" >\n\t<div class=\"edgtf-il-icon-holder\">\n\t\t<i class=\"edgtf-icon-font-awesome fa fa-music \" style=\"color: #f45f0b;font-size: 20px\"><\/i>\t<\/div>\n\t<p class=\"edgtf-il-text\" style=\"padding-left: 20px\">13:00 h - COUP DE POP<\/p>\n<\/div><div class=\"edgtf-icon-list-holder \" >\n\t<div class=\"edgtf-il-icon-holder\">\n\t\t<i class=\"edgtf-icon-font-awesome fa fa-music \" style=\"color: #f45f0b;font-size: 20px\"><\/i>\t<\/div>\n\t<p class=\"edgtf-il-text\" style=\"padding-left: 20px\">22:00 h - HOT SHOT TR\u00cdO<\/p>\n<\/div>\t<\/div>\n<\/div><h5 class=\"edgtf-accordion-title\">\n    <span class=\"edgtf-accordion-mark\">\n\t\t<span class=\"edgtf_icon_plus icon_plus\"><\/span>\n\t\t<span class=\"edgtf_icon_minus icon_minus-06\"><\/span>\n\t<\/span>\n\t<span class=\"edgtf-tab-title\">DOMINGO 16<\/span>\n<\/h5>\n<div class=\"edgtf-accordion-content\">\n\t<div class=\"edgtf-accordion-content-inner\">\n\t\t<div class=\"edgtf-icon-list-holder \" >\n\t<div class=\"edgtf-il-icon-holder\">\n\t\t<i class=\"edgtf-icon-font-awesome fa fa-music \" style=\"color: #f45f0b;font-size: 20px\"><\/i>\t<\/div>\n\t<p class=\"edgtf-il-text\" style=\"padding-left: 20px\">13:00 h - ROSCI NEUENCE<\/p>\n<\/div>\t<\/div>\n<\/div><\/div>[vc_separator][vc_empty_space height=\u00bb20px\u00bb][vc_column_text]<\/p>\n<ul>\n<li>Para los conciertos del s\u00e1bado y del domingo y para la clase de Lindy Hop es necesario adquirir entrada, disponibles en la p\u00e1gina habitual de venta de entradas. <a href=\"https:\/\/www.nuestroshangrila.com\/index.php\/tickets\/\">AQU\u00cd<\/a>.<\/li>\n<li>Las actividades del jueves y la asistencia al SHANGRI-LA Social Swing son de entrada libre hasta completar aforo.<\/li>\n<li>Tanto el s\u00e1bado 15 como el domingo 16 estar\u00e1 abierta la cocina en horario de 13:00h a 16:00h.<\/li>\n<\/ul>\n<p>[\/vc_column_text][vc_empty_space height=\u00bb20px\u00bb][vc_separator][vc_empty_space height=\u00bb20px\u00bb]<div class=\"edgtf-section-title-holder  \" style=\"text-align: center\">\n\t<div class=\"edgtf-st-inner\">\n\t\t\t\t\t\t\t<h5 class=\"edgtf-st-title\" >\n\t\t\t\tEDICI\u00d3N ANTERIOR\t\t\t<\/h5>\n\t\t\t\t\t\t<a itemprop=\"url\" href=\"https:\/\/www.nuestroshangrila.com\/index.php\/clubbinsierra_fest_2024\/\" target=\"_self\"  class=\"edgtf-btn edgtf-btn-medium edgtf-btn-solid edgtf-btn-orange-black edgtf-st-button\"  >    <span class=\"edgtf-btn-text\">Recuerdos<\/span>    <\/a>\t<\/div>\n<\/div>[vc_empty_space height=\u00bb20px\u00bb][\/vc_column][vc_column width=\u00bb1\/6&#8243;][\/vc_column][\/vc_row]<\/p>\n","protected":false},"excerpt":{"rendered":"<p>[vc_row full_width=\u00bbstretch_row\u00bb content_text_aligment=\u00bbcenter\u00bb css=\u00bb.vc_custom_1728486108064{margin-top: 0px !important;border-top-width: 0px !important;padding-top: 0px !important;}\u00bb][vc_column width=\u00bb1\/5&#8243; css=\u00bb.vc_custom_1726911234667{margin-top: 0px !important;border-top-width: 0px !important;padding-top: 0px !important;}\u00bb][\/vc_column][vc_column width=\u00bb1\/5&#8243;][\/vc_column][vc_column width=\u00bb1\/5&#8243; css=\u00bb.vc_custom_1728486120601{margin-top: 0px !important;border-top-width: 0px !important;padding-top: 0px !important;background-color: #dd9221 !important;border-radius: 20px !important;}\u00bb][vc_empty_space height=\u00bb5px\u00bb][vc_single_image image=\u00bb5530&#8243; alignment=\u00bbcenter\u00bb style=\u00bbvc_box_circle_2&#8243; css=\u00bb.vc_custom_1728485846057{margin-top: 0px !important;border-top-width: 0px !important;padding-top: 0px !important;}\u00bb][\/vc_column][vc_column width=\u00bb1\/5&#8243;][\/vc_column][vc_column width=\u00bb1\/5&#8243;][\/vc_column][\/vc_row][vc_row full_width=\u00bbstretch_row\u00bb content_text_aligment=\u00bbcenter\u00bb css=\u00bb.vc_custom_1726911760441{margin-top: 0px !important;border-top-width: 0px !important;padding-top: 0px !important;}\u00bb][vc_column width=\u00bb1\/4&#8243; css=\u00bb.vc_custom_1726911234667{margin-top: 0px !important;border-top-width: 0px !important;padding-top: 0px !important;}\u00bb][\/vc_column][vc_column width=\u00bb1\/2&#8243;][vc_empty_space height=\u00bb10px\u00bb][vc_column_text]Del 13 al 16 de noviembre, vuelve el festival que derrocha m\u00fasica y cultura, vuelve el ClubbInSierra Fest. Un evento de todo un fin de semana en el que, adem\u00e1s, celebramos el segundo aniversario de Nuestro SHANGRI-LA. \u00bfTe apuntas a la fiesta?[\/vc_column_text][vc_empty_space height=\u00bb36px\u00bb][\/vc_column][vc_column width=\u00bb1\/4&#8243;][\/vc_column][\/vc_row][vc_row][vc_column width=\u00bb1\/6&#8243;][\/vc_column][vc_column width=\u00bb2\/3&#8243;][vc_separator][vc_empty_space height=\u00bb20px\u00bb][vc_column_text] Para los conciertos del s\u00e1bado y del domingo y para la clase de Lindy Hop es necesario adquirir entrada, disponibles en la p\u00e1gina habitual de venta de entradas. AQU\u00cd. Las actividades del jueves y la asistencia al SHANGRI-LA Social Swing son [&hellip;]<\/p>\n","protected":false},"author":1,"featured_media":0,"parent":0,"menu_order":0,"comment_status":"closed","ping_status":"closed","template":"","meta":{"_monsterinsights_skip_tracking":false,"_monsterinsights_sitenote_active":false,"_monsterinsights_sitenote_note":"","_monsterinsights_sitenote_category":0,"_price":"","_stock":"","_tribe_ticket_header":"5530","_tribe_default_ticket_provider":"TEC\\Tickets\\Commerce\\Module","_tribe_ticket_capacity":"0","_ticket_start_date":"","_ticket_end_date":"","_tribe_ticket_show_description":"","_tribe_ticket_show_not_going":false,"_tribe_ticket_use_global_stock":"","_tribe_ticket_global_stock_level":"","_global_stock_mode":"","_global_stock_cap":"","_tribe_rsvp_for_event":"","_tribe_ticket_going_count":"","_tribe_ticket_not_going_count":"","_tribe_tickets_list":"[]","_tribe_ticket_has_attendee_info_fields":false,"footnotes":""},"class_list":["post-5528","page","type-page","status-publish","hentry"],"ticketed":false,"_links":{"self":[{"href":"https:\/\/www.nuestroshangrila.com\/index.php\/wp-json\/wp\/v2\/pages\/5528","targetHints":{"allow":["GET"]}}],"collection":[{"href":"https:\/\/www.nuestroshangrila.com\/index.php\/wp-json\/wp\/v2\/pages"}],"about":[{"href":"https:\/\/www.nuestroshangrila.com\/index.php\/wp-json\/wp\/v2\/types\/page"}],"author":[{"embeddable":true,"href":"https:\/\/www.nuestroshangrila.com\/index.php\/wp-json\/wp\/v2\/users\/1"}],"replies":[{"embeddable":true,"href":"https:\/\/www.nuestroshangrila.com\/index.php\/wp-json\/wp\/v2\/comments?post=5528"}],"version-history":[{"count":112,"href":"https:\/\/www.nuestroshangrila.com\/index.php\/wp-json\/wp\/v2\/pages\/5528\/revisions"}],"predecessor-version":[{"id":7730,"href":"https:\/\/www.nuestroshangrila.com\/index.php\/wp-json\/wp\/v2\/pages\/5528\/revisions\/7730"}],"wp:attachment":[{"href":"https:\/\/www.nuestroshangrila.com\/index.php\/wp-json\/wp\/v2\/media?parent=5528"}],"curies":[{"name":"wp","href":"https:\/\/api.w.org\/{rel}","templated":true}]}}