{"id":6108,"date":"2024-12-16T20:09:20","date_gmt":"2024-12-16T19:09:20","guid":{"rendered":"https:\/\/www.nuestroshangrila.com\/?page_id=6108"},"modified":"2026-04-08T19:08:02","modified_gmt":"2026-04-08T17:08:02","slug":"lajamdeblues","status":"publish","type":"page","link":"https:\/\/www.nuestroshangrila.com\/index.php\/lajamdeblues\/","title":{"rendered":"LAJAMDEBLUES"},"content":{"rendered":"<p>[vc_row content_text_aligment=\u00bbcenter\u00bb][vc_column]<div class=\"edgtf-section-title-holder  \" >\n\t<div class=\"edgtf-st-inner\">\n\t\t\t\t\t<var class=\"edgtf-st-tagline\" >\n\t\t\t\tLa aut\u00e9ntica, la genuina\t\t\t<\/var>\n\t\t\t\t\t\t\t<h3 class=\"edgtf-st-title\" >\n\t\t\t\tLa Jam de Blues<span class=\"edgtf-st-title-dot\">.<\/span>\t\t\t<\/h3>\n\t\t\t\t\t\t\t<p class=\"edgtf-st-text\" >\n\t\t\t\tEl \u00faltimo viernes de cada mes celebramos una fiesta, por todo lo alto, con el Blues Rock como eje vertebrador. Un NetWorking musical que desde su primera edici\u00f3n re\u00fane a decenas de m\u00fasicos entorno al escenario. Entrada libre.\t\t\t<\/p>\n\t\t\t\t\t<\/div>\n<\/div>[\/vc_column][\/vc_row][vc_row][vc_column][vc_empty_space][vc_separator][vc_empty_space]<div class=\"edgtf-icon-list-holder \" >\n\t<div class=\"edgtf-il-icon-holder\">\n\t\t<span aria-hidden=\"true\" class=\"edgtf-icon-font-elegant icon_refresh \" style=\"color: #f45f0b;font-size: 20px\"><\/span>\t<\/div>\n\t<p class=\"edgtf-il-text\" style=\"padding-left: 20px\">Elige en qu\u00e9 temas quieres participar, consulta la lista m\u00e1s abajo.<\/p>\n<\/div><div class=\"edgtf-icon-list-holder \" >\n\t<div class=\"edgtf-il-icon-holder\">\n\t\t<span aria-hidden=\"true\" class=\"edgtf-icon-font-elegant icon_music \" style=\"color: #f45f0b;font-size: 20px\"><\/span>\t<\/div>\n\t<p class=\"edgtf-il-text\" style=\"padding-left: 20px\">Backline disponible: bater\u00eda, bajo, guitarras, teclado. Pero recomendamos traer el tuyo, sin pedaleras...<\/p>\n<\/div><div class=\"edgtf-icon-list-holder \" >\n\t<div class=\"edgtf-il-icon-holder\">\n\t\t<span aria-hidden=\"true\" class=\"edgtf-icon-font-elegant icon_puzzle \" style=\"color: #f45f0b;font-size: 20px\"><\/span>\t<\/div>\n\t<p class=\"edgtf-il-text\" style=\"padding-left: 20px\">Habla con el instrumentista de la banda anfitriona para apuntarte \u00a1antes de que comience!<\/p>\n<\/div><div class=\"edgtf-icon-list-holder \" >\n\t<div class=\"edgtf-il-icon-holder\">\n\t\t<span aria-hidden=\"true\" class=\"edgtf-icon-font-elegant icon_clock \" style=\"color: #f45f0b;font-size: 20px\"><\/span>\t<\/div>\n\t<p class=\"edgtf-il-text\" style=\"padding-left: 20px\">Empezamos a las 21:30h.<\/p>\n<\/div>[\/vc_column][\/vc_row][vc_row][vc_column][vc_empty_space][vc_single_image image=\u00bb6784&#8243; img_size=\u00bblarge\u00bb alignment=\u00bbcenter\u00bb][vc_empty_space]<div class=\"edgtf-section-title-holder  \" style=\"text-align: center\">\n\t<div class=\"edgtf-st-inner\">\n\t\t\t\t\t\t\t<h3 class=\"edgtf-st-title\" >\n\t\t\t\tSET LIST<span class=\"edgtf-st-title-dot\">.<\/span>\t\t\t<\/h3>\n\t\t\t\t\t\t\t<\/div>\n<\/div>[vc_empty_space height=\u00bb16px\u00bb][vc_column_text]<\/p>\n<p style=\"text-align: center;\">CALLING ELVIS, Dire Straits (B)<\/p>\n<p style=\"text-align: center;\">IT\u2019S PROBABLY ME, Sting (Em)<\/p>\n<p style=\"text-align: center;\">START IT UP, Robben Ford (E)<\/p>\n<p style=\"text-align: center;\">BOOM BOOM, John Lee Hooker (E)<\/p>\n<p style=\"text-align: center;\">NEED YOUR LOVE SO BAD, Peter Green (A)<\/p>\n<p style=\"text-align: center;\">I DON\u2019T NEED NO DOCTOR, N. Ashford (E)<\/p>\n<p style=\"text-align: center;\">JUST THE TWO OF US, Whithers, Salter, McDonald (Fm)<\/p>\n<p style=\"text-align: center;\">UNCHAIN MY HEART, Bobby Sharp (Am)<\/p>\n<p style=\"text-align: center;\">BLACK MAGIC WOMAN, Peter Green (Cm)<\/p>\n<p style=\"text-align: center;\">I SHOT THE SHERIFF, Bob Marley (Gm)<\/p>\n<p style=\"text-align: center;\">CHAIN OF FOOLS, Don Covay (A)<\/p>\n<p style=\"text-align: center;\">THE MIDNIGHT SPECIAL, autor desconocido (D)<\/p>\n<p style=\"text-align: center;\">HARD TO HANDLE, Otis Redding (B)<\/p>\n<p style=\"text-align: center;\">THE GHETTO, George Benson (Bb)<\/p>\n<p style=\"text-align: center;\">MUSTANG SALLY, Mack Rice (C)<\/p>\n<p style=\"text-align: center;\">SUPERSTITION, Stevie Wonder (Ebm)<\/p>\n<p style=\"text-align: center;\">KNOCKIN\u2019 ON HEAVEN\u2019S DOOR, Bob Dylan (G)<\/p>\n<p style=\"text-align: center;\">THE THRILL IS GONE, B.B. King (Em)<\/p>\n<p>[\/vc_column_text][vc_empty_space]<div class=\"edgtf-section-title-holder  \" style=\"text-align: center\">\n\t<div class=\"edgtf-st-inner\">\n\t\t\t\t\t\t\t<h4 class=\"edgtf-st-title\" >\n\t\t\t\tEsc\u00fachala en Spotify<span class=\"edgtf-st-title-dot\">.<\/span>\t\t\t<\/h4>\n\t\t\t\t\t\t\t<\/div>\n<\/div>[vc_raw_html]JTNDaWZyYW1lJTIwc3R5bGUlM0QlMjJib3JkZXItcmFkaXVzJTNBMTJweCUyMiUyMHNyYyUzRCUyMmh0dHBzJTNBJTJGJTJGb3Blbi5zcG90aWZ5LmNvbSUyRmVtYmVkJTJGcGxheWxpc3QlMkY0TVhrcW5qeVZJRzlHY3JycnV5c05JJTNGdXRtX3NvdXJjZSUzRGdlbmVyYXRvciUyNnRoZW1lJTNEMCUyMiUyMHdpZHRoJTNEJTIyMTAwJTI1JTIyJTIwaGVpZ2h0JTNEJTIyMzUyJTIyJTIwZnJhbWVCb3JkZXIlM0QlMjIwJTIyJTIwYWxsb3dmdWxsc2NyZWVuJTNEJTIyJTIyJTIwYWxsb3clM0QlMjJhdXRvcGxheSUzQiUyMGNsaXBib2FyZC13cml0ZSUzQiUyMGVuY3J5cHRlZC1tZWRpYSUzQiUyMGZ1bGxzY3JlZW4lM0IlMjBwaWN0dXJlLWluLXBpY3R1cmUlMjIlMjBsb2FkaW5nJTNEJTIybGF6eSUyMiUzRSUzQyUyRmlmcmFtZSUzRQ==[\/vc_raw_html][\/vc_column][\/vc_row]<\/p>\n","protected":false},"excerpt":{"rendered":"<p>[vc_row content_text_aligment=\u00bbcenter\u00bb][vc_column][\/vc_column][\/vc_row][vc_row][vc_column][vc_empty_space][vc_separator][vc_empty_space][\/vc_column][\/vc_row][vc_row][vc_column][vc_empty_space][vc_single_image image=\u00bb6784&#8243; img_size=\u00bblarge\u00bb alignment=\u00bbcenter\u00bb][vc_empty_space][vc_empty_space height=\u00bb16px\u00bb][vc_column_text] CALLING ELVIS, Dire Straits (B) IT\u2019S PROBABLY ME, Sting (Em) START IT UP, Robben Ford (E) BOOM BOOM, John Lee Hooker (E) NEED YOUR LOVE SO BAD, Peter Green (A) I DON\u2019T NEED NO DOCTOR, N. Ashford (E) JUST THE TWO OF US, Whithers, Salter, McDonald (Fm) UNCHAIN MY HEART, Bobby Sharp (Am) BLACK MAGIC WOMAN, Peter Green (Cm) I SHOT THE SHERIFF, Bob Marley (Gm) CHAIN OF FOOLS, Don Covay (A) THE MIDNIGHT SPECIAL, autor desconocido (D) HARD TO HANDLE, Otis Redding (B) THE GHETTO, George Benson (Bb) MUSTANG SALLY, Mack Rice (C) SUPERSTITION, Stevie Wonder (Ebm) KNOCKIN\u2019 ON HEAVEN\u2019S DOOR, Bob Dylan (G) THE THRILL IS GONE, B.B. King (Em) [\/vc_column_text][vc_empty_space][vc_raw_html]JTNDaWZyYW1lJTIwc3R5bGUlM0QlMjJib3JkZXItcmFkaXVzJTNBMTJweCUyMiUyMHNyYyUzRCUyMmh0dHBzJTNBJTJGJTJGb3Blbi5zcG90aWZ5LmNvbSUyRmVtYmVkJTJGcGxheWxpc3QlMkY0TVhrcW5qeVZJRzlHY3JycnV5c05JJTNGdXRtX3NvdXJjZSUzRGdlbmVyYXRvciUyNnRoZW1lJTNEMCUyMiUyMHdpZHRoJTNEJTIyMTAwJTI1JTIyJTIwaGVpZ2h0JTNEJTIyMzUyJTIyJTIwZnJhbWVCb3JkZXIlM0QlMjIwJTIyJTIwYWxsb3dmdWxsc2NyZWVuJTNEJTIyJTIyJTIwYWxsb3clM0QlMjJhdXRvcGxheSUzQiUyMGNsaXBib2FyZC13cml0ZSUzQiUyMGVuY3J5cHRlZC1tZWRpYSUzQiUyMGZ1bGxzY3JlZW4lM0IlMjBwaWN0dXJlLWluLXBpY3R1cmUlMjIlMjBsb2FkaW5nJTNEJTIybGF6eSUyMiUzRSUzQyUyRmlmcmFtZSUzRQ==[\/vc_raw_html][\/vc_column][\/vc_row]<\/p>\n","protected":false},"author":1,"featured_media":0,"parent":0,"menu_order":0,"comment_status":"closed","ping_status":"closed","template":"","meta":{"_monsterinsights_skip_tracking":false,"_monsterinsights_sitenote_active":false,"_monsterinsights_sitenote_note":"","_monsterinsights_sitenote_category":0,"_price":"","_stock":"","_tribe_ticket_header":"","_tribe_default_ticket_provider":"TEC\\Tickets\\Commerce\\Module","_tribe_ticket_capacity":"0","_ticket_start_date":"","_ticket_end_date":"","_tribe_ticket_show_description":"","_tribe_ticket_show_not_going":false,"_tribe_ticket_use_global_stock":"","_tribe_ticket_global_stock_level":"","_global_stock_mode":"","_global_stock_cap":"","_tribe_rsvp_for_event":"","_tribe_ticket_going_count":"","_tribe_ticket_not_going_count":"","_tribe_tickets_list":"[]","_tribe_ticket_has_attendee_info_fields":false,"footnotes":""},"class_list":["post-6108","page","type-page","status-publish","hentry"],"ticketed":false,"_links":{"self":[{"href":"https:\/\/www.nuestroshangrila.com\/index.php\/wp-json\/wp\/v2\/pages\/6108","targetHints":{"allow":["GET"]}}],"collection":[{"href":"https:\/\/www.nuestroshangrila.com\/index.php\/wp-json\/wp\/v2\/pages"}],"about":[{"href":"https:\/\/www.nuestroshangrila.com\/index.php\/wp-json\/wp\/v2\/types\/page"}],"author":[{"embeddable":true,"href":"https:\/\/www.nuestroshangrila.com\/index.php\/wp-json\/wp\/v2\/users\/1"}],"replies":[{"embeddable":true,"href":"https:\/\/www.nuestroshangrila.com\/index.php\/wp-json\/wp\/v2\/comments?post=6108"}],"version-history":[{"count":93,"href":"https:\/\/www.nuestroshangrila.com\/index.php\/wp-json\/wp\/v2\/pages\/6108\/revisions"}],"predecessor-version":[{"id":8523,"href":"https:\/\/www.nuestroshangrila.com\/index.php\/wp-json\/wp\/v2\/pages\/6108\/revisions\/8523"}],"wp:attachment":[{"href":"https:\/\/www.nuestroshangrila.com\/index.php\/wp-json\/wp\/v2\/media?parent=6108"}],"curies":[{"name":"wp","href":"https:\/\/api.w.org\/{rel}","templated":true}]}}