{"id":6896,"date":"2025-04-25T09:53:20","date_gmt":"2025-04-25T07:53:20","guid":{"rendered":"https:\/\/www.nuestroshangrila.com\/?page_id=6896"},"modified":"2025-09-01T11:41:47","modified_gmt":"2025-09-01T09:41:47","slug":"shangri-la-social-swing","status":"publish","type":"page","link":"https:\/\/www.nuestroshangrila.com\/index.php\/shangri-la-social-swing\/","title":{"rendered":"SHANGRI-LA Social Swing"},"content":{"rendered":"<p>[vc_row][vc_column]<div class=\"edgtf-section-title-holder  \" style=\"text-align: center\">\n\t<div class=\"edgtf-st-inner\">\n\t\t\t\t\t\t\t<h3 class=\"edgtf-st-title\" >\n\t\t\t\tSHANGRI-LA Social Swing<span class=\"edgtf-st-title-dot\">.<\/span>\t\t\t<\/h3>\n\t\t\t\t\t\t\t<p class=\"edgtf-st-text\" >\n\t\t\t\tClases, baile social con m\u00fasica en directo, c\u00f3cteles, picoteo,... un entorno exclusivo y un ambiente divertido garantizado. Desc\u00fabrelo.\t\t\t<\/p>\n\t\t\t\t\t<\/div>\n<\/div>[vc_empty_space][\/vc_column][\/vc_row][vc_row][vc_column width=\u00bb1\/2&#8243;][vc_images_carousel images=\u00bb6908,6906,6907,6898,6899,7437&#8243; img_size=\u00bbfull\u00bb autoplay=\u00bbyes\u00bb hide_pagination_control=\u00bbyes\u00bb hide_prev_next_buttons=\u00bbyes\u00bb wrap=\u00bbyes\u00bb][\/vc_column][vc_column width=\u00bb1\/2&#8243;][vc_column_text]El salto que Charles Lindbergh dio en 1927, volando en solitario desde el aer\u00f3dromo\u00a0 Rossevelt en Estados Unidos hasta el aeropuerto franc\u00e9s en Le Bourget, cercano a Par\u00eds, fue utilizado como s\u00edmil del salto que empezaba a ponerse de moda entre los bailarines en el Savoy Ballroom. El diminutivo de Lindbergh bautiz\u00f3 esa nueva forma de baile como Lindy Hop. De ah\u00ed, surgieron escuelas de baile que se desarrollaron posteriormente como swing, balboa, cakewalk, etc.<\/p>\n<p>En Nuestro SHANGRI-LA celebramos el baile con m\u00fasica en directo, una vez al mes, en un ambiente que recrea esa espontaneidad de los or\u00edgenes, con c\u00f3cteles cl\u00e1sicos que podr\u00e1s degustar entre baile y baile. La banda local SHANGRI-LA Social Swing despliega un repertorio de swing cl\u00e1sico, blues, jazz,&#8230; y pone todo su empe\u00f1o en que el baile en cada tema sea perfecto, en duraci\u00f3n, ritmo, tempo,&#8230; \u00a1Aqu\u00ed mandan los bailarines!<\/p>\n<p>Estate atento a la <a href=\"https:\/\/www.nuestroshangrila.com\/index.php\/tickets\/\">programaci\u00f3n<\/a> para saber cu\u00e1ndo ser\u00e1 el pr\u00f3ximo SHANGRI-LA Social Swing.[\/vc_column_text][\/vc_column][\/vc_row]<\/p>\n","protected":false},"excerpt":{"rendered":"<p>[vc_row][vc_column][vc_empty_space][\/vc_column][\/vc_row][vc_row][vc_column width=\u00bb1\/2&#8243;][vc_images_carousel images=\u00bb6908,6906,6907,6898,6899,7437&#8243; img_size=\u00bbfull\u00bb autoplay=\u00bbyes\u00bb hide_pagination_control=\u00bbyes\u00bb hide_prev_next_buttons=\u00bbyes\u00bb wrap=\u00bbyes\u00bb][\/vc_column][vc_column width=\u00bb1\/2&#8243;][vc_column_text]El salto que Charles Lindbergh dio en 1927, volando en solitario desde el aer\u00f3dromo\u00a0 Rossevelt en Estados Unidos hasta el aeropuerto franc\u00e9s en Le Bourget, cercano a Par\u00eds, fue utilizado como s\u00edmil del salto que empezaba a ponerse de moda entre los bailarines en el Savoy Ballroom. El diminutivo de Lindbergh bautiz\u00f3 esa nueva forma de baile como Lindy Hop. De ah\u00ed, surgieron escuelas de baile que se desarrollaron posteriormente como swing, balboa, cakewalk, etc. En Nuestro SHANGRI-LA celebramos el baile con m\u00fasica en directo, una vez al mes, en un ambiente que recrea esa espontaneidad de los or\u00edgenes, con c\u00f3cteles cl\u00e1sicos que podr\u00e1s degustar entre baile y baile. La banda local SHANGRI-LA Social Swing despliega un repertorio de swing cl\u00e1sico, blues, jazz,&#8230; y pone todo su empe\u00f1o en que el baile en cada tema sea perfecto, en duraci\u00f3n, ritmo, tempo,&#8230; \u00a1Aqu\u00ed [&hellip;]<\/p>\n","protected":false},"author":1,"featured_media":0,"parent":0,"menu_order":0,"comment_status":"closed","ping_status":"closed","template":"full-width.php","meta":{"_monsterinsights_skip_tracking":false,"_monsterinsights_sitenote_active":false,"_monsterinsights_sitenote_note":"","_monsterinsights_sitenote_category":0,"_price":"","_stock":"","_tribe_ticket_header":"","_tribe_default_ticket_provider":"TEC\\Tickets\\Commerce\\Module","_tribe_ticket_capacity":"0","_ticket_start_date":"","_ticket_end_date":"","_tribe_ticket_show_description":"","_tribe_ticket_show_not_going":false,"_tribe_ticket_use_global_stock":"","_tribe_ticket_global_stock_level":"","_global_stock_mode":"","_global_stock_cap":"","_tribe_rsvp_for_event":"","_tribe_ticket_going_count":"","_tribe_ticket_not_going_count":"","_tribe_tickets_list":"[]","_tribe_ticket_has_attendee_info_fields":false,"footnotes":""},"class_list":["post-6896","page","type-page","status-publish","hentry"],"ticketed":false,"_links":{"self":[{"href":"https:\/\/www.nuestroshangrila.com\/index.php\/wp-json\/wp\/v2\/pages\/6896","targetHints":{"allow":["GET"]}}],"collection":[{"href":"https:\/\/www.nuestroshangrila.com\/index.php\/wp-json\/wp\/v2\/pages"}],"about":[{"href":"https:\/\/www.nuestroshangrila.com\/index.php\/wp-json\/wp\/v2\/types\/page"}],"author":[{"embeddable":true,"href":"https:\/\/www.nuestroshangrila.com\/index.php\/wp-json\/wp\/v2\/users\/1"}],"replies":[{"embeddable":true,"href":"https:\/\/www.nuestroshangrila.com\/index.php\/wp-json\/wp\/v2\/comments?post=6896"}],"version-history":[{"count":10,"href":"https:\/\/www.nuestroshangrila.com\/index.php\/wp-json\/wp\/v2\/pages\/6896\/revisions"}],"predecessor-version":[{"id":7447,"href":"https:\/\/www.nuestroshangrila.com\/index.php\/wp-json\/wp\/v2\/pages\/6896\/revisions\/7447"}],"wp:attachment":[{"href":"https:\/\/www.nuestroshangrila.com\/index.php\/wp-json\/wp\/v2\/media?parent=6896"}],"curies":[{"name":"wp","href":"https:\/\/api.w.org\/{rel}","templated":true}]}}